{"id":11029,"date":"2025-08-21T13:46:08","date_gmt":"2025-08-21T13:46:08","guid":{"rendered":"https:\/\/enacif.unam.mx\/?page_id=11029"},"modified":"2025-08-21T22:44:24","modified_gmt":"2025-08-21T22:44:24","slug":"institucion","status":"publish","type":"page","link":"https:\/\/www.enacif.unam.mx\/?page_id=11029","title":{"rendered":"INSTITUCI\u00d3N"},"content":{"rendered":"<p>[et_pb_section fb_built=\u00bb1&#8243; theme_builder_area=\u00bbpost_content\u00bb _builder_version=\u00bb4.27.4&#8243; _module_preset=\u00bbdefault\u00bb][et_pb_row _builder_version=\u00bb4.27.4&#8243; _module_preset=\u00bbdefault\u00bb column_structure=\u00bb3_4,1_4&#8243; theme_builder_area=\u00bbpost_content\u00bb][et_pb_column _builder_version=\u00bb4.27.4&#8243; _module_preset=\u00bbdefault\u00bb type=\u00bb3_4&#8243; theme_builder_area=\u00bbpost_content\u00bb][et_pb_post_title _builder_version=\u00bb4.27.4&#8243; _module_preset=\u00bbdefault\u00bb theme_builder_area=\u00bbpost_content\u00bb meta=\u00bboff\u00bb featured_image=\u00bboff\u00bb meta_font=\u00bb|700|||||||\u00bb hover_enabled=\u00bb0&#8243; sticky_enabled=\u00bb0&#8243; title_font=\u00bb|700|||||||\u00bb][\/et_pb_post_title][et_pb_text _builder_version=\u00bb4.27.4&#8243; _module_preset=\u00bbdefault\u00bb theme_builder_area=\u00bbpost_content\u00bb hover_enabled=\u00bb0&#8243; sticky_enabled=\u00bb0&#8243;]<\/p>\n<p><a href=\"https:\/\/enacif.unam.mx\/?page_id=13\">\u00bfQui\u00e9nes somos?<\/a><\/p>\n<p><a href=\"https:\/\/enacif.unam.mx\/?page_id=793\">Estructura organizacional<\/a><\/p>\n<p><a href=\"https:\/\/enacif.unam.mx\/?page_id=9035\">Consejo t\u00e9cnico<\/a><\/p>\n<p><a href=\"https:\/\/enacif.unam.mx\/?page_id=9095\">Direcci\u00f3n<\/a><\/p>\n<p><a href=\"https:\/\/enacif.unam.mx\/?page_id=11032\">Comit\u00e9s<\/a><\/p>\n<p><a href=\"https:\/\/enacif.unam.mx\/?page_id=8842\">Normatividad y transparencia<\/a><\/p>\n<p>[\/et_pb_text][\/et_pb_column][et_pb_column _builder_version=\u00bb4.27.4&#8243; _module_preset=\u00bbdefault\u00bb type=\u00bb1_4&#8243; theme_builder_area=\u00bbpost_content\u00bb][et_pb_gallery _builder_version=\u00bb4.27.4&#8243; _module_preset=\u00bbdefault\u00bb theme_builder_area=\u00bbpost_content\u00bb gallery_ids=\u00bb10820,9688,9083,8320,8288,8291,10675,10916,10867,10084&#8243; hover_enabled=\u00bb0&#8243; sticky_enabled=\u00bb0&#8243; gallery_orderby=\u00bbrand\u00bb fullwidth=\u00bbon\u00bb][\/et_pb_gallery][\/et_pb_column][\/et_pb_row][\/et_pb_section]<\/p>\n","protected":false},"excerpt":{"rendered":"<p>\u00bfQui\u00e9nes somos? Estructura organizacional Consejo t\u00e9cnico Direcci\u00f3n Comit\u00e9s Normatividad y transparencia<\/p>\n","protected":false},"author":2,"featured_media":0,"parent":0,"menu_order":0,"comment_status":"closed","ping_status":"closed","template":"","meta":{"_et_pb_use_builder":"on","_et_pb_old_content":"","_et_gb_content_width":"","_monsterinsights_skip_tracking":false,"_monsterinsights_sitenote_active":false,"_monsterinsights_sitenote_note":"","_monsterinsights_sitenote_category":0,"footnotes":""},"class_list":["post-11029","page","type-page","status-publish","hentry"],"aioseo_notices":[],"_links":{"self":[{"href":"https:\/\/www.enacif.unam.mx\/index.php?rest_route=\/wp\/v2\/pages\/11029","targetHints":{"allow":["GET"]}}],"collection":[{"href":"https:\/\/www.enacif.unam.mx\/index.php?rest_route=\/wp\/v2\/pages"}],"about":[{"href":"https:\/\/www.enacif.unam.mx\/index.php?rest_route=\/wp\/v2\/types\/page"}],"author":[{"embeddable":true,"href":"https:\/\/www.enacif.unam.mx\/index.php?rest_route=\/wp\/v2\/users\/2"}],"replies":[{"embeddable":true,"href":"https:\/\/www.enacif.unam.mx\/index.php?rest_route=%2Fwp%2Fv2%2Fcomments&post=11029"}],"version-history":[{"count":4,"href":"https:\/\/www.enacif.unam.mx\/index.php?rest_route=\/wp\/v2\/pages\/11029\/revisions"}],"predecessor-version":[{"id":11103,"href":"https:\/\/www.enacif.unam.mx\/index.php?rest_route=\/wp\/v2\/pages\/11029\/revisions\/11103"}],"wp:attachment":[{"href":"https:\/\/www.enacif.unam.mx\/index.php?rest_route=%2Fwp%2Fv2%2Fmedia&parent=11029"}],"curies":[{"name":"wp","href":"https:\/\/api.w.org\/{rel}","templated":true}]}}