{"id":11310,"date":"2025-11-03T16:37:58","date_gmt":"2025-11-03T16:37:58","guid":{"rendered":"https:\/\/enacif.unam.mx\/?page_id=11310"},"modified":"2025-11-03T17:05:52","modified_gmt":"2025-11-03T17:05:52","slug":"comision-local-de-seguridad-de-la-enacif","status":"publish","type":"page","link":"https:\/\/www.enacif.unam.mx\/?page_id=11310","title":{"rendered":"\u00a0Comisi\u00f3n Local de Seguridad de la ENaCiF"},"content":{"rendered":"<p>[et_pb_section fb_built=\u00bb1&#8243; _builder_version=\u00bb4.27.4&#8243; _module_preset=\u00bbdefault\u00bb global_colors_info=\u00bb{}\u00bb][et_pb_row column_structure=\u00bb3_4,1_4&#8243; _builder_version=\u00bb4.27.4&#8243; _module_preset=\u00bbdefault\u00bb global_colors_info=\u00bb{}\u00bb][et_pb_column type=\u00bb3_4&#8243; _builder_version=\u00bb4.27.4&#8243; _module_preset=\u00bbdefault\u00bb global_colors_info=\u00bb{}\u00bb][et_pb_post_title meta=\u00bboff\u00bb _builder_version=\u00bb4.27.4&#8243; _module_preset=\u00bbdefault\u00bb title_font=\u00bb|700|||||||\u00bb hover_enabled=\u00bb0&#8243; global_colors_info=\u00bb{}\u00bb sticky_enabled=\u00bb0&#8243;][\/et_pb_post_title][et_pb_accordion _builder_version=\u00bb4.27.4&#8243; _module_preset=\u00bbdefault\u00bb hover_enabled=\u00bb0&#8243; sticky_enabled=\u00bb0&#8243; admin_label=\u00bbAcorde\u00f3n\u00bb][et_pb_accordion_item _builder_version=\u00bb4.27.4&#8243; _module_preset=\u00bbdefault\u00bb title=\u00bbINFOGRAFIAS\u00bb hover_enabled=\u00bb0&#8243; sticky_enabled=\u00bb0&#8243;]<\/p>\n<p><a href=\"https:\/\/enacif.unam.mx\/wp-content\/uploads\/2025\/11\/Recomendaciones-en-caso-de-extorsion-telefonica.pdf\">Recomendaciones en caso de extorsi\u00f3n telef\u00f3nica<\/a><\/p>\n<p><a href=\"https:\/\/enacif.unam.mx\/wp-content\/uploads\/2025\/11\/Recomendaciones-en-caso-de-robo-en-transporte-publico.pdf\">Recomendaciones en caso de robo en transporte p\u00fablico<\/a><\/p>\n<p><a href=\"https:\/\/enacif.unam.mx\/wp-content\/uploads\/2025\/11\/Recomendaciones-en-caso-de-robo.pdf\">Recomendaciones en caso de robo<\/a><\/p>\n<p><a href=\"https:\/\/enacif.unam.mx\/wp-content\/uploads\/2025\/11\/Recomendaciones-en-caso-de-agresion-de-grupos-al-interior.pdf\">Recomendaciones en caso de agresi\u00f3n de grupos al interior<\/a><\/p>\n<p><a href=\"https:\/\/enacif.unam.mx\/wp-content\/uploads\/2025\/11\/Recomendaciones-en-caso-de-amenaza-por-red-social.pdf\">Recomendaciones en caso de amenaza por red social<\/a><\/p>\n<p><a href=\"https:\/\/enacif.unam.mx\/wp-content\/uploads\/2025\/11\/Recomendaciones-en-caso-de-presencia-y-uso-de-armas-en-la-UNAM.pdf\">Recomendaciones en caso de presencia y uso de armas en la UNAM<\/a><\/p>\n<p><a href=\"https:\/\/enacif.unam.mx\/wp-content\/uploads\/2025\/11\/Recomendaciones-en-caso-de-actuacion-ante-artefacto-explosivo-en-instalaciones-universitarias.pdf\">Recomendaciones en caso de actuaci\u00f3n ante artefacto explosivo en instalaciones universitarias<\/a><\/p>\n<p>&nbsp;<\/p>\n<p>&nbsp;<\/p>\n<p>&nbsp;<\/p>\n<p>&nbsp;<\/p>\n<p>[\/et_pb_accordion_item][\/et_pb_accordion][\/et_pb_column][et_pb_column type=\u00bb1_4&#8243; _builder_version=\u00bb4.27.4&#8243; _module_preset=\u00bbdefault\u00bb global_colors_info=\u00bb{}\u00bb][et_pb_gallery gallery_ids=\u00bb11213,9764,9759&#8243; gallery_orderby=\u00bbrand\u00bb show_title_and_caption=\u00bboff\u00bb show_pagination=\u00bboff\u00bb _builder_version=\u00bb4.27.4&#8243; _module_preset=\u00bbdefault\u00bb global_colors_info=\u00bb{}\u00bb][\/et_pb_gallery][\/et_pb_column][\/et_pb_row][\/et_pb_section]<\/p>\n","protected":false},"excerpt":{"rendered":"<p>Recomendaciones en caso de extorsi\u00f3n telef\u00f3nica Recomendaciones en caso de robo en transporte p\u00fablico Recomendaciones en caso de robo Recomendaciones en caso de agresi\u00f3n de grupos al interior Recomendaciones en caso de amenaza por red social Recomendaciones en caso de presencia y uso de armas en la UNAM Recomendaciones en caso de actuaci\u00f3n ante artefacto [&hellip;]<\/p>\n","protected":false},"author":2,"featured_media":0,"parent":0,"menu_order":0,"comment_status":"closed","ping_status":"closed","template":"","meta":{"_et_pb_use_builder":"on","_et_pb_old_content":"<!-- wp:divi\/placeholder \/-->","_et_gb_content_width":"","_monsterinsights_skip_tracking":false,"_monsterinsights_sitenote_active":false,"_monsterinsights_sitenote_note":"","_monsterinsights_sitenote_category":0,"footnotes":""},"class_list":["post-11310","page","type-page","status-publish","hentry"],"aioseo_notices":[],"_links":{"self":[{"href":"https:\/\/www.enacif.unam.mx\/index.php?rest_route=\/wp\/v2\/pages\/11310","targetHints":{"allow":["GET"]}}],"collection":[{"href":"https:\/\/www.enacif.unam.mx\/index.php?rest_route=\/wp\/v2\/pages"}],"about":[{"href":"https:\/\/www.enacif.unam.mx\/index.php?rest_route=\/wp\/v2\/types\/page"}],"author":[{"embeddable":true,"href":"https:\/\/www.enacif.unam.mx\/index.php?rest_route=\/wp\/v2\/users\/2"}],"replies":[{"embeddable":true,"href":"https:\/\/www.enacif.unam.mx\/index.php?rest_route=%2Fwp%2Fv2%2Fcomments&post=11310"}],"version-history":[{"count":8,"href":"https:\/\/www.enacif.unam.mx\/index.php?rest_route=\/wp\/v2\/pages\/11310\/revisions"}],"predecessor-version":[{"id":11326,"href":"https:\/\/www.enacif.unam.mx\/index.php?rest_route=\/wp\/v2\/pages\/11310\/revisions\/11326"}],"wp:attachment":[{"href":"https:\/\/www.enacif.unam.mx\/index.php?rest_route=%2Fwp%2Fv2%2Fmedia&parent=11310"}],"curies":[{"name":"wp","href":"https:\/\/api.w.org\/{rel}","templated":true}]}}