{"id":2099,"date":"2016-04-04T15:09:33","date_gmt":"2016-04-04T15:09:33","guid":{"rendered":"http:\/\/www.cienciaforense.facmed.unam.mx\/?page_id=2099"},"modified":"2025-05-26T15:09:01","modified_gmt":"2025-05-26T15:09:01","slug":"dr-mariano-guardado","status":"publish","type":"page","link":"https:\/\/www.enacif.unam.mx\/?page_id=2099","title":{"rendered":"Dr. Mariano Guardado"},"content":{"rendered":"<p>[et_pb_section fb_built=\u00bb1&#8243; _builder_version=\u00bb4.16&#8243; global_colors_info=\u00bb{}\u00bb][et_pb_row column_structure=\u00bb1_2,1_2&#8243; _builder_version=\u00bb4.16&#8243; background_size=\u00bbinitial\u00bb background_position=\u00bbtop_left\u00bb background_repeat=\u00bbrepeat\u00bb global_colors_info=\u00bb{}\u00bb][et_pb_column type=\u00bb1_2&#8243; _builder_version=\u00bb4.16&#8243; custom_padding=\u00bb|||\u00bb global_colors_info=\u00bb{}\u00bb custom_padding__hover=\u00bb|||\u00bb][et_pb_post_title meta=\u00bboff\u00bb featured_image=\u00bboff\u00bb _builder_version=\u00bb4.27.4&#8243; hover_enabled=\u00bb0&#8243; global_colors_info=\u00bb{}\u00bb title_font=\u00bb|700|||||||\u00bb sticky_enabled=\u00bb0&#8243;][\/et_pb_post_title][et_pb_text _builder_version=\u00bb4.16&#8243; global_colors_info=\u00bb{}\u00bb]<\/p>\n<p><strong><img loading=\"lazy\" decoding=\"async\" src=\"http:\/\/www.cienciaforense.facmed.unam.mx\/wp-content\/uploads\/2016\/04\/5-634x1024.jpg\" width=\"147\" height=\"238\" alt=\"\" class=\"wp-image-2160 aligncenter size-large\" srcset=\"https:\/\/www.enacif.unam.mx\/wp-content\/uploads\/2016\/04\/5-634x1024.jpg 634w, https:\/\/www.enacif.unam.mx\/wp-content\/uploads\/2016\/04\/5-186x300.jpg 186w, https:\/\/www.enacif.unam.mx\/wp-content\/uploads\/2016\/04\/5.jpg 900w\" sizes=\"(max-width: 147px) 100vw, 147px\" \/><\/strong><\/p>\n<p><strong>Cargo:<\/strong> Profesor Asociado C de T. C.<\/p>\n<p><strong>Nivel en el sistema nacional de investigadores:<\/strong> Nivel 1<\/p>\n<p><strong>Tel\u00e9fonos:<\/strong> 56232300 ext 81933<\/p>\n<p><strong>Correo electr\u00f3nico:<\/strong> mguardado@enacif.unam.mx<\/p>\n<p>[\/et_pb_text][et_pb_gallery gallery_ids=\u00bb4724,4725,4726&#8243; fullwidth=\u00bbon\u00bb _builder_version=\u00bb4.16&#8243; auto=\u00bbon\u00bb global_colors_info=\u00bb{}\u00bb][\/et_pb_gallery][\/et_pb_column][et_pb_column type=\u00bb1_2&#8243; _builder_version=\u00bb4.16&#8243; custom_padding=\u00bb|||\u00bb global_colors_info=\u00bb{}\u00bb custom_padding__hover=\u00bb|||\u00bb][et_pb_accordion _builder_version=\u00bb4.16&#8243; global_colors_info=\u00bb{}\u00bb][et_pb_accordion_item title=\u00bbSEMBLANZA\u00bb open=\u00bbon\u00bb _builder_version=\u00bb4.16&#8243; global_colors_info=\u00bb{}\u00bb]<\/p>\n<p style=\"text-align: justify;\">Doctor en Ciencias por parte de la Universidad Nacional Aut\u00f3noma de M\u00e9xico (UNAM) y M\u00e9dico Cirujano por parte de la Universidad Aut\u00f3noma de Guadalajara (UAG). Es Profesor de Tiempo completo en la Licenciatura en Ciencia Forense de la UNAM e imparte las asignaturas de \u201cBiolog\u00eda Molecular y Gen\u00e9tica\u201d y \u201cCiencias Morfofuncionales. Responsable de los laboratorios de Investigaci\u00f3n y Docencia de la Licenciatura en Ciencia Forense. Es Nivel I en el Sistema Nacional de Investigadores (SNI) desde el 2015. Ha participado en investigaciones relacionadas con la gen\u00f3mica, gen\u00e9tica forense, gen\u00e9tica de poblaciones, diagn\u00f3stico molecular y bioinform\u00e1tica. Ha publicado varios cap\u00edtulos de libros y art\u00edculos cient\u00edficos a nivel nacional e internacional y participado en diversos congresos. Ha dirigido tesis de licenciatura, especialidad y maestr\u00eda en el \u00e1rea biom\u00e9dica o af\u00edn. Forma parte de la plantilla de tutores acreditados en el Posgrado de Ciencias Biol\u00f3gicas y Ciencias M\u00e9dicas de la UNAM.<\/p>\n<p>[\/et_pb_accordion_item][et_pb_accordion_item title=\u00bbL\u00cdNEAS DE INVESTIGACI\u00d3N\u00bb _builder_version=\u00bb4.16&#8243; global_colors_info=\u00bb{}\u00bb open=\u00bboff\u00bb]<\/p>\n<p>L\u00ednea 1: Identificaci\u00f3n de biomarcadores asociados al Trastorno por Estr\u00e9s Post-traum\u00e1tico.<\/p>\n<p><strong>Objetivo: Identificar marcadores moleculares que pudieran ser utilizado para diagn\u00f3stico y seguimiento cl\u00ednico del Trastorno por Estr\u00e9s postraum\u00e1tico.<\/strong><\/p>\n<p>L\u00ednea 2: Identificaci\u00f3n de marcadores moleculares para estimar el Intervalo Post-mortem.<\/p>\n<p><strong>Objetivo El objetivo de esta l\u00ednea es analizar la presencia de algunas mol\u00e9culas, tales como \u00e1cidos nucleicos, en el proceso de descomposici\u00f3n temprana de un cad\u00e1ver. <\/strong><\/p>\n<p>L\u00ednea 3: Tecnolog\u00edas gen\u00f3micas aplicadas a la Ciencia Forense<\/p>\n<p><strong>Objetivo Uso de nuevas tecnolog\u00edas para la identificaci\u00f3n humana. <\/strong><\/p>\n<p>[\/et_pb_accordion_item][et_pb_accordion_item title=\u00bbPROYECTOS EN CURSO\u00bb _builder_version=\u00bb4.16&#8243; global_colors_info=\u00bb{}\u00bb open=\u00bboff\u00bb]<\/p>\n<ul>\n<li>Proyecto 1: <strong>An\u00e1lisis del RNA mensajero del gen NR3C1 para el diagn\u00f3stico de S\u00edndrome por Estr\u00e9s Postraum\u00e1tico (FacMed 048\/2016) y PAPIIT no. IA208917<\/strong><\/li>\n<\/ul>\n<p><strong>Objetivo: <\/strong>Cuantificar la expresi\u00f3n del gen NR3C1 en pacientes con y sin Trastorno por Estr\u00e9s Post-Traum\u00e1tico.<\/p>\n<p><strong>Participantes: Dra. Alexa Villavicencio (LCF-UNAM)<\/strong><\/p>\n<p><strong>\u00a0\u00a0\u00a0\u00a0\u00a0\u00a0\u00a0\u00a0\u00a0\u00a0\u00a0\u00a0\u00a0\u00a0\u00a0\u00a0\u00a0\u00a0\u00a0\u00a0\u00a0\u00a0\u00a0\u00a0\u00a0\u00a0 Dra. Silvia Jim\u00e9nez (INMEGEN)<\/strong><\/p>\n<p><strong>\u00a0\u00a0\u00a0\u00a0\u00a0\u00a0\u00a0\u00a0\u00a0\u00a0\u00a0\u00a0\u00a0\u00a0\u00a0\u00a0\u00a0\u00a0\u00a0\u00a0\u00a0\u00a0\u00a0\u00a0\u00a0\u00a0 Dr. Alfredo Hidalgo (INMEGEN)<\/strong><\/p>\n<p><strong>\u00a0\u00a0\u00a0\u00a0\u00a0\u00a0\u00a0\u00a0\u00a0\u00a0\u00a0\u00a0\u00a0\u00a0\u00a0\u00a0\u00a0\u00a0\u00a0\u00a0\u00a0\u00a0\u00a0\u00a0\u00a0\u00a0 MC Diego B\u00e1rcenas (INMEGEN)<\/strong><\/p>\n<p><strong>\u00a0\u00a0\u00a0\u00a0\u00a0\u00a0\u00a0\u00a0\u00a0\u00a0\u00a0\u00a0\u00a0\u00a0\u00a0\u00a0\u00a0\u00a0\u00a0\u00a0\u00a0\u00a0\u00a0\u00a0\u00a0\u00a0 Claudia Gonz\u00e1lez (Facultad de Qu\u00edmica-UNAM)<\/strong><\/p>\n<p><strong>\u00a0\u00a0\u00a0\u00a0\u00a0\u00a0\u00a0\u00a0\u00a0\u00a0\u00a0\u00a0\u00a0\u00a0\u00a0 \u00a0\u00a0\u00a0\u00a0<\/strong><\/p>\n<ul>\n<li>Proyecto 2: <strong>An\u00e1lisis del polimorfismo mitocondrial para la identificaci\u00f3n forense <\/strong><\/li>\n<\/ul>\n<p><strong>Objetivo: Crear una base de datos de referencia poblacional del polimorfismo del genoma mitocondrial en poblaci\u00f3n mexicana. <\/strong><\/p>\n<p><strong>Participantes: Dra. Alexa Villavicencio (LCF-UNAM)<\/strong><\/p>\n<p><strong>\u00a0\u00a0\u00a0\u00a0\u00a0\u00a0\u00a0\u00a0\u00a0\u00a0\u00a0\u00a0\u00a0\u00a0\u00a0\u00a0\u00a0\u00a0\u00a0\u00a0\u00a0\u00a0\u00a0\u00a0\u00a0 Dr. H\u00e9ctor Rangel Villalobos\u00a0\u00a0\u00a0\u00a0\u00a0\u00a0\u00a0\u00a0\u00a0\u00a0\u00a0\u00a0\u00a0\u00a0\u00a0\u00a0\u00a0\u00a0\u00a0\u00a0\u00a0\u00a0\u00a0\u00a0\u00a0\u00a0 <\/strong><\/p>\n<p><strong>\u00a0\u00a0\u00a0\u00a0\u00a0\u00a0\u00a0\u00a0\u00a0\u00a0\u00a0\u00a0\u00a0\u00a0\u00a0\u00a0\u00a0\u00a0\u00a0\u00a0\u00a0\u00a0\u00a0\u00a0\u00a0 Dra. Silvia Jim\u00e9nez (INMEGEN)<\/strong><\/p>\n<p><strong>\u00a0\u00a0\u00a0\u00a0\u00a0\u00a0\u00a0\u00a0\u00a0\u00a0\u00a0\u00a0\u00a0\u00a0\u00a0\u00a0\u00a0\u00a0\u00a0\u00a0\u00a0\u00a0\u00a0\u00a0\u00a0 Dr. Alfredo Hidalgo (INMEGEN)<\/strong><\/p>\n<p><strong>\u00a0\u00a0\u00a0\u00a0\u00a0\u00a0\u00a0\u00a0\u00a0\u00a0\u00a0\u00a0\u00a0\u00a0\u00a0\u00a0\u00a0\u00a0\u00a0\u00a0\u00a0\u00a0\u00a0\u00a0\u00a0 Claudia Gonz\u00e1lez (Facultad de Qu\u00edmica-UNAM)<\/strong><\/p>\n<p>[\/et_pb_accordion_item][et_pb_accordion_item title=\u00bbPUBLICACIONES RECIENTES\u00bb _builder_version=\u00bb4.16&#8243; global_colors_info=\u00bb{}\u00bb open=\u00bboff\u00bb]<\/p>\n<ul>\n<li>Art\u00edculos\n<ul>\n<li>Alc\u00e1ntara-Ortigoza MA, Garc\u00eda-de Teresa B, Gonz\u00e1lez-Del Angel A, Berumen J, <strong><u>Guardado-Estrada M<\/u><\/strong>, Fern\u00e1ndez-Hern\u00e1ndez L, Navarrete-Mart\u00ednez JI, Maza-Morales M, Rius-Dom\u00ednguez R. Wide allelic heterogeneity with predominance of large IDS gene complex rearrangements in a sample of Mexican patients with Hunter syndrome. Clin Genet. 2016 May; 89(5):574-83.<\/li>\n<li>Barr\u00f3n EV, Roman-Bassaure E, S\u00e1nchez-Sandoval AL, Espinosa AM, <strong><u>Guardado-Estrada<\/u><\/strong><u> M<\/u>, Medina I, Ju\u00e1rez E, Alfaro A, Berm\u00fadez M, Zamora R, Garc\u00eda-Ruiz C, Gomora JC, Kofman S, P\u00e9rez-Armendariz EM,\u00a0Berumen J.\u00a0CDKN3 mRNA as a Biomarker for Survival and Therapeutic Target in Cervical Cancer.\u00a0PLoS One. 2015 Sep 15; 10(9): 1-29.<\/li>\n<li><strong><u>Guardado-Estrada M<\/u><\/strong>, Ju\u00e1rez-Torres E, Rom\u00e1n-Bassaure E, Medina-Martinez I, Alfaro A, Benuto RE, Dean M, Villegas-Sep\u00falveda N, Berumen J. The Distribution of High-Risk Human Papillomaviruses is different in young and old patients with Cervical Cancer. PLoS One. 9(10): e109406.<\/li>\n<li>Medina-Martinez I, Barr\u00f3n V, Roman-Bassaure E, Ju\u00e1rez-Torres E, <strong><u>Guardado-Estrada M<\/u><\/strong>, Espinosa AM, Bermudez M, Fern\u00e1ndez F, Venegas-Vega C, Orozco L, Zenteno E, Kofman S, Berumen J. Impact of gene dosage on gene expression, biological processes and survival in cervical cancer: a genome-wide follow-up study. PLoS One. 2014; 9(5): e97842.<\/li>\n<li>Espinosa AM, Alfaro A, Roman-Basaure E, <strong><u>Guardado-Estrada M<\/u><\/strong>, Palma \u00cd, Serralde C, Medina I et al. Mitosis is a source of potential markers for screening and survival and therapeutic targets in cervical cancer. PLoS One. 2013; 8 (2): e55975.<\/li>\n<li><strong><u>Guardado-Estrada M<\/u><\/strong>, Medina-Mart\u00ednez I, Ju\u00e1rez-Torres E, Roman-Bassaure E, Mac\u00edas LA, Alfaro A, Alc\u00e1ntara-V\u00e1zquez A, Alonso P, Gomez G, Cruz-Talonia F, Serna LM, Mu\u00f1oz-Cortez S, Borges-Iba\u00f1ez M, Espinosa A, Kofman S, Berumen J. The Amerindian mtDNA Haplogroup B2 enhances the risk of HPV for Cervical Cancer: de-regulation of mitochondrial genes may be involved. Journal of Human Genetics. 57(4): 269-76.<\/li>\n<li>Oscar Vazquez-Mena O, Ingrid Medina-Martinez I, Eligia Ju\u00e1rez-Torres E, Valeria B, Espinosa A, Nicol\u00e1s Villegas-Sepulveda N, Laura G\u00f3mez-Laguna L, Nieto-Mart\u00ednez K, Lorena Orozco L, Edgar Roman-Basaure E, Sergio Mu\u00f1oz Cortez S, Borges Iba\u00f1ez M, Carlos Venegas-Vega C, <strong><u>Guardado-Estrada M<\/u><\/strong>, Ang\u00e9lica Rangel-L\u00f3pez,Susana Kofman, Jaime Berumen. Amplified Genes may be Overexpressed, Unchanged, or Downregulated in Cervical Cancer Cell Lines. PLOS One. PLoS One 2012; 7(3): e32667.<\/li>\n<li>Carvajal M, Berumen J, <strong><u>Guardado-Estrada M<\/u><\/strong>. The presence of aflatoxin B1-FAPY adduct and human papilloma virus in cervical smears from cancer patients in Mexico. Food Additives &amp; Contaminants: Part A 2012; 29: 258-68.<\/li>\n<li>Alaez C, Berumen J, Munguia A, Flores H, <strong><u>Guardado-Estrada M<\/u><\/strong>. Rodriguez A, Gorodezky C. High risk human papilloma virus 16 and HLA-DRB1*Alleles are associated with the development of cervical carcinoma in Mexican mestizo women. Arch Med Res 2011; 42: 421-5.<\/li>\n<li><strong><u>Guardado-Estrada M<\/u><\/strong>, Ju\u00e1rez-Torres E, Medina-Mart\u00ednez I, Wegier A, Mac\u00edas A, G\u00f3mez G et. al. A great diversity of Amerindian mitochondrial DNA ancestry is present in Mexican mestizo population. Journal of Human Genetics. 2009; 54, 695-705.<\/li>\n<\/ul>\n<\/li>\n<\/ul>\n<p>&nbsp;<\/p>\n<ul>\n<li>Cap\u00edtulos en libros\n<ul>\n<li>Jaime Berumen, Mariano Guardado, Ana Mar\u00eda Espinosa, Ingrid Medina. C\u00e1ncer cervicouterino: Virus del Papiloma humano y genoma humano. Tomo II. P\u00e1gs. 113-130. Salud de las Mujeres: C\u00e1ncer, biolog\u00eda molecular, gen\u00f3mica y prote\u00f3mica. Primera Edici\u00f3n, 2010. ISBN: 978-607-7798-29-3.<\/li>\n<li>Jaime Berumen, Mariano Guardado, Eligia Ju\u00e1rez, Miguel \u00c1ngel Ram\u00edrez. Tecnolog\u00eda de DNA para identificar individuos. P\u00e1gs 495-517. Gen\u00e9tica Cl\u00ednica. Primera Edici\u00f3n. Manual Moderno. ISBN: 9786074482515.<\/li>\n<li>Jaime Berumen, Ana Mar\u00eda Espinosa, Ingrid Medina, Mariano Guardado. Mitosis targets as Biomarkers in cervical cancer (ingl\u00e9s). In Biomarkers in Cancer, Series: Biomarkers in Disease: Methods, Discoveries and Applications. Editors: Victor R. Preedy, Vinood B. Patel. Springer. Netherlands. Cap 22, pags. 483-505, Agosto-2015, ISBN 978-94-007-7680-7.<\/li>\n<li>Jaime Berumen, Mariano Guardado. Identificaci\u00f3n Humana: de la Huella Digital de DNA al an\u00e1lisis global del Genoma Humano. P\u00e1gs 248-270. Derecho y Ciencia Forense. Editorial Tirant Blanch. ISBN13:9788491197669.<\/li>\n<li>Alexa Villavicencio, Mariano Guardado. El Estado del arte de la gen\u00e9tica forense en M\u00e9xico. Pags. 231- 242. En El estado del arte de las Ciencias Forenses en M\u00e9xico. Editorial Tirant Blanch. ISBN 9788491437314.<\/li>\n<li>Elena Bravo, Alejandra Quijano, Jiro Suzuri, Fernanda L\u00f3pez, Mariano Guardado. Conclusiones. Pags. 386-400. El estado del arte de las Ciencias Forenses en M\u00e9xico. Editorial Tirant Blanch. ISBN 9788491437314.<\/li>\n<li>Alexa Villavicencio, Mariano Guardado. Perfiles de ADN. Pags. 221-230. En T\u00f3picos selectos\u00a0 de Ciencias Forenses y Seguridad. Editorial Progreso S.A. de C.V. ISBN 9786077464464.<\/li>\n<\/ul>\n<\/li>\n<\/ul>\n<p>[\/et_pb_accordion_item][et_pb_accordion_item title=\u00bbPRODUCTOS DESTACADOS\u00bb _builder_version=\u00bb4.16&#8243; global_colors_info=\u00bb{}\u00bb open=\u00bboff\u00bb]<\/p>\n<ul>\n<li><strong><u>Guardado-Estrada M<\/u><\/strong>, Ju\u00e1rez-Torres E, Medina-Mart\u00ednez I, Wegier A, Mac\u00edas A, G\u00f3mez G et. al. A great diversity of Amerindian mitochondrial DNA ancestry is present in Mexican mestizo population. Journal of Human Genetics. 2009; 54, 695-705.<\/li>\n<li>Espinosa AM, Alfaro A, Roman-Basaure E, <strong><u>Guardado-Estrada M<\/u><\/strong>, Palma \u00cd, Serralde C, Medina I et al. Mitosis is a source of potential markers for screening and survival and therapeutic targets in cervical cancer. PLoS One. 2013; 8 (2): e55975.<\/li>\n<li>Jaime Berumen, Ana Mar\u00eda Espinosa, Ingrid Medina, Mariano Guardado. Mitosis targets as Biomarkers in cervical cancer (ingl\u00e9s). In Biomarkers in Cancer, Series: Biomarkers in Disease: Methods, Discoveries and Applications. Editors: Victor R. Preedy, Vinood B. Patel. Springer. Netherlands. Cap 22, pags. 483-505, Agosto-2015, ISBN 978-94-007-7680-7.<\/li>\n<li>Alexa Villavicencio, Mariano Guardado. Perfiles de ADN. Pags. 221-230. En T\u00f3picos selectos de Ciencias Forenses y Seguridad. Editorial Progreso S.A. de C.V. ISBN 9786077464464.<\/li>\n<\/ul>\n<p>[\/et_pb_accordion_item][et_pb_accordion_item title=\u00bbDOCENCIA\u00bb _builder_version=\u00bb4.16&#8243; global_colors_info=\u00bb{}\u00bb open=\u00bboff\u00bb]<\/p>\n<ul>\n<li>Profesor de la materia de Ciencias Morfofuncionales del 1er semestre de la Licenciatura en Ciencia Forense.<\/li>\n<li>Profesor de la materia de Biolog\u00eda Molecular y Gen\u00e9tica del 4to semestre de la Licenciatura en Ciencia Forense.<\/li>\n<li>Receptor de alumnos de servicio social y tesistas de Licenciatura del \u00e1rea Biom\u00e9dica.<\/li>\n<\/ul>\n<p>[\/et_pb_accordion_item][et_pb_accordion_item title=\u00bbLIGAS DE INTER\u00c9S\u00bb _builder_version=\u00bb4.16&#8243; global_colors_info=\u00bb{}\u00bb open=\u00bboff\u00bb][\/et_pb_accordion_item][\/et_pb_accordion][\/et_pb_column][\/et_pb_row][\/et_pb_section]<\/p>\n","protected":false},"excerpt":{"rendered":"<p>Cargo: Profesor Asociado C de T. C. Nivel en el sistema nacional de investigadores: Nivel 1 Tel\u00e9fonos: 56232300 ext 81933 Correo electr\u00f3nico: mguardado@enacif.unam.mxDoctor en Ciencias por parte de la Universidad Nacional Aut\u00f3noma de M\u00e9xico (UNAM) y M\u00e9dico Cirujano por parte de la Universidad Aut\u00f3noma de Guadalajara (UAG). Es Profesor de Tiempo completo en la Licenciatura [&hellip;]<\/p>\n","protected":false},"author":2,"featured_media":0,"parent":0,"menu_order":0,"comment_status":"closed","ping_status":"open","template":"","meta":{"_et_pb_use_builder":"on","_et_pb_old_content":"<p style=\"text-align: justify;\"><a href=\"http:\/\/www.cienciaforense.facmed.unam.mx\/?page_id=2100\"><img class=\"  alignright wp-image-2017\" src=\"http:\/\/www.cienciaforense.facmed.unam.mx\/wp-content\/uploads\/2016\/02\/EnVersion.png\" alt=\"EnVersion\" width=\"150\" height=\"20\" \/><\/a><\/p>\r\n&nbsp;\r\n<p style=\"text-align: justify;\"><img class=\"alignleft  wp-image-2160\" src=\"http:\/\/www.cienciaforense.facmed.unam.mx\/wp-content\/uploads\/2016\/04\/5.jpg\" alt=\"5\" width=\"120\" height=\"194\" \/>Doctor en Ciencias Biom\u00e9dicas por parte de la Universidad Nacional Aut\u00f3noma de M\u00e9xico (UNAM) y M\u00e9dico Cirujano por parte de la Universidad Aut\u00f3noma de Guadalajara (UAG). Es Nivel I en el Sistema Nacional de Investigadores (SNI) desde el 2015. Durante el periodo 2009-2015, estuvo como investigador asociado en la Unidad de Medicina Gen\u00f3mica del Hospital General de M\u00e9xico \u201cDr. Eduardo Liceaga\u201d. Las \u00e1reas de investigaci\u00f3n en las que ha participado incluyen gen\u00e9tica molecular, forense, de poblaciones, as\u00ed como gen\u00f3mica, diagn\u00f3stico molecular y bioinform\u00e1tica; adem\u00e1s ha fungido como perito experto en gen\u00e9tica forense.\r\nEn la parte acad\u00e9mica, ha sido profesor invitado en el Posgrado en Ciencias Biol\u00f3gicas de la UNAM. Ha publicado cap\u00edtulos de libro y art\u00edculos cient\u00edficos a nivel nacional e internacional y participado en diversos congresos. Actualmente, es miembro del Comit\u00e9 de Bioseguridad en Investigaci\u00f3n del Hospital General de M\u00e9xico y profesor de asignatura en el posgrado en Ciencias M\u00e9dicas de la Escuela Militar de Graduados en Sanidad. En la Licenciatura en Ciencia Forense, es responsable del laboratorio de Gen\u00e9tica y profesor Biolog\u00eda Molecular y Gen\u00e9tica.<\/p>","_et_gb_content_width":"","_monsterinsights_skip_tracking":false,"_monsterinsights_sitenote_active":false,"_monsterinsights_sitenote_note":"","_monsterinsights_sitenote_category":0,"footnotes":""},"class_list":["post-2099","page","type-page","status-publish","hentry"],"aioseo_notices":[],"_links":{"self":[{"href":"https:\/\/www.enacif.unam.mx\/index.php?rest_route=\/wp\/v2\/pages\/2099","targetHints":{"allow":["GET"]}}],"collection":[{"href":"https:\/\/www.enacif.unam.mx\/index.php?rest_route=\/wp\/v2\/pages"}],"about":[{"href":"https:\/\/www.enacif.unam.mx\/index.php?rest_route=\/wp\/v2\/types\/page"}],"author":[{"embeddable":true,"href":"https:\/\/www.enacif.unam.mx\/index.php?rest_route=\/wp\/v2\/users\/2"}],"replies":[{"embeddable":true,"href":"https:\/\/www.enacif.unam.mx\/index.php?rest_route=%2Fwp%2Fv2%2Fcomments&post=2099"}],"version-history":[{"count":9,"href":"https:\/\/www.enacif.unam.mx\/index.php?rest_route=\/wp\/v2\/pages\/2099\/revisions"}],"predecessor-version":[{"id":10891,"href":"https:\/\/www.enacif.unam.mx\/index.php?rest_route=\/wp\/v2\/pages\/2099\/revisions\/10891"}],"wp:attachment":[{"href":"https:\/\/www.enacif.unam.mx\/index.php?rest_route=%2Fwp%2Fv2%2Fmedia&parent=2099"}],"curies":[{"name":"wp","href":"https:\/\/api.w.org\/{rel}","templated":true}]}}