{"id":2106,"date":"2016-04-04T20:47:51","date_gmt":"2016-04-04T20:47:51","guid":{"rendered":"http:\/\/www.cienciaforense.facmed.unam.mx\/?page_id=2106"},"modified":"2025-05-26T15:44:18","modified_gmt":"2025-05-26T15:44:18","slug":"alejandra-quijano-mateos","status":"publish","type":"page","link":"https:\/\/www.enacif.unam.mx\/?page_id=2106","title":{"rendered":"Mtra. Alejandra Quijano Mateos"},"content":{"rendered":"<p>[et_pb_section fb_built=\u00bb1&#8243; _builder_version=\u00bb4.16&#8243; global_colors_info=\u00bb{}\u00bb][et_pb_row column_structure=\u00bb1_2,1_2&#8243; _builder_version=\u00bb4.16&#8243; background_size=\u00bbinitial\u00bb background_position=\u00bbtop_left\u00bb background_repeat=\u00bbrepeat\u00bb global_colors_info=\u00bb{}\u00bb][et_pb_column type=\u00bb1_2&#8243; _builder_version=\u00bb4.16&#8243; custom_padding=\u00bb|||\u00bb global_colors_info=\u00bb{}\u00bb custom_padding__hover=\u00bb|||\u00bb][et_pb_post_title meta=\u00bboff\u00bb featured_image=\u00bboff\u00bb _builder_version=\u00bb4.27.4&#8243; hover_enabled=\u00bb0&#8243; global_colors_info=\u00bb{}\u00bb title_font=\u00bb|700|||||||\u00bb sticky_enabled=\u00bb0&#8243;][\/et_pb_post_title][et_pb_text _builder_version=\u00bb4.16&#8243; global_colors_info=\u00bb{}\u00bb]<\/p>\n<p>&nbsp;<\/p>\n<p><img loading=\"lazy\" decoding=\"async\" class=\"wp-image-2157 aligncenter size-large\" src=\"http:\/\/www.cienciaforense.facmed.unam.mx\/wp-content\/uploads\/2016\/04\/1-634x1024.jpg\" alt=\"\" width=\"168\" height=\"272\" srcset=\"https:\/\/www.enacif.unam.mx\/wp-content\/uploads\/2016\/04\/1-634x1024.jpg 634w, https:\/\/www.enacif.unam.mx\/wp-content\/uploads\/2016\/04\/1-186x300.jpg 186w, https:\/\/www.enacif.unam.mx\/wp-content\/uploads\/2016\/04\/1.jpg 900w\" sizes=\"(max-width: 168px) 100vw, 168px\" \/><\/p>\n<p><strong>Cargo:<\/strong>\u00a0T\u00e9cnica Acad\u00e9mica C de T. C.<\/p>\n<p><strong>Tel\u00e9fonos:\u00a0<\/strong> 56-23-23-00 ext. 81925 y 81935<\/p>\n<p><strong>Correo electr\u00f3nico:\u00a0<\/strong>alejandra@enacif.unam.mx<\/p>\n<p>[\/et_pb_text][et_pb_gallery gallery_ids=\u00bb4807,4806,4805,4804&#8243; fullwidth=\u00bbon\u00bb _builder_version=\u00bb4.16&#8243; auto=\u00bbon\u00bb global_colors_info=\u00bb{}\u00bb][\/et_pb_gallery][\/et_pb_column][et_pb_column type=\u00bb1_2&#8243; _builder_version=\u00bb4.16&#8243; custom_padding=\u00bb|||\u00bb global_colors_info=\u00bb{}\u00bb custom_padding__hover=\u00bb|||\u00bb][et_pb_accordion _builder_version=\u00bb4.16&#8243; global_colors_info=\u00bb{}\u00bb][et_pb_accordion_item title=\u00bbSEMBLANZA\u00bb open=\u00bbon\u00bb _builder_version=\u00bb4.16&#8243; global_colors_info=\u00bb{}\u00bb]Estudi\u00f3 la carrera de Qu\u00edmica Farmac\u00e9utico-Biol\u00f3gica en la Facultad de Qu\u00edmica de la UNAM, realiz\u00f3 la tesis de licenciatura en el Instituto de Ecolog\u00eda y su trabajo particip\u00f3 en el <em>XIII Congreso Nacional de Bioqu\u00edmica y Biolog\u00eda Molecular de Plantas y 6\u00b0 Simposium M\u00e9xico-USA<\/em>. Posteriormente, curs\u00f3 la Maestr\u00eda en Criminal\u00edstica en el Instituto Nacional de Ciencias Penales. Tiene un Diplomado en Evaluaci\u00f3n Educativa y cuenta con certificaci\u00f3n por parte de la Secretar\u00eda T\u00e9cnica del Consejo de Coordinaci\u00f3n para la Implementaci\u00f3n del Sistema de Justicia Penal (SETEC) para poder impartir cursos para capacitaci\u00f3n de Peritos.<\/p>\n<p>Ha participado en el desarrollo e implementaci\u00f3n de pr\u00e1cticas de laboratorio para la asignatura de Toxicolog\u00eda de la carrera de Q.F.B. y es coautora del \u201cManual de guiones experimentales para la ense\u00f1anza y aprendizaje del laboratorio de Toxicolog\u00eda\u201d, as\u00ed como de 9 cap\u00edtulos de libros.\u00a0 Imparti\u00f3 laboratorio de Toxicolog\u00eda en la Facultad de Qu\u00edmica, participando activamente en talleres intersemestrales del colegio de profesores de toxicolog\u00eda y siendo coautora de <em>Fundamentos de<\/em> <em>Toxicolog\u00eda <\/em>para Qu\u00edmicos Farmac\u00e9uticos Bi\u00f3logos. Para el programa de Educaci\u00f3n Continua, dise\u00f1\u00f3 e imparti\u00f3 el m\u00f3dulo sobre toxicidad de plaguicidas para el curso <em>Toxicolog\u00eda ambiental<\/em> dirigido al personal de COFEPRIS. Adem\u00e1s, es tutora en el programa de Estancias estudiantiles de la Facultad de Qu\u00edmica y ha dirigido 5 trabajos de titulaci\u00f3n de licenciatura.<\/p>\n<p style=\"text-align: justify;\">Actualmente forma parte del grupo de investigaci\u00f3n del laboratorio de Toxicolog\u00eda y Qu\u00edmica Forense de la Licenciatura en Ciencia Forense donde imparte la asignatura <em>Toxicolog\u00eda<\/em> y participa en los cursos de <em>Farmacodependencia y adicciones<\/em>, as\u00ed como <em>Toxicolog\u00eda avanzada<\/em>. Forma Parte de las redes tem\u00e1ticas de Ciencias Forenses y Farmoqu\u00edmicos de CONACyT y es miembro de la Asociaci\u00f3n Internacional de Toxic\u00f3logos Forenses (TIAFT).<\/p>\n<p>[\/et_pb_accordion_item][et_pb_accordion_item title=\u00bbL\u00cdNEAS DE INVESTIGACI\u00d3N\u00bb _builder_version=\u00bb4.16&#8243; global_colors_info=\u00bb{}\u00bb open=\u00bboff\u00bb]<\/p>\n<ul>\n<li>Farmacolog\u00eda, Toxicolog\u00eda y Salud ambiental\n<ul>\n<li>Desarrollo de modelos matem\u00e1ticos que permitan la estimaci\u00f3n del momento \u00faltimo de consumo de sustancias de abuso a partir de estudios toxicocin\u00e9ticos<\/li>\n<li>Evaluaci\u00f3n del efecto de sustancias de inter\u00e9s forense sobe el crecimiento y desarrollo de entomofauna cadav\u00e9rica<\/li>\n<li>Evaluaci\u00f3n toxicol\u00f3gica de interacci\u00f3n de drogas emergentes con medicamentos no prescritos o sustancias presentes en bebidas energ\u00e9ticas<\/li>\n<\/ul>\n<\/li>\n<li>Docencia\n<ul>\n<li>Evaluaci\u00f3n del avance conceptual sobre reacci\u00f3n qu\u00edmica y el desarrollo de competencias en los estudiantes de la Licenciatura en Ciencia Forense de la Facultad de Medicina, UNAM.<\/li>\n<li>Dise\u00f1o e implementaci\u00f3n de actividades para la evaluaci\u00f3n de las competencias del perfil de egreso del cient\u00edfico forense.<\/li>\n<\/ul>\n<\/li>\n<\/ul>\n<p>[\/et_pb_accordion_item][et_pb_accordion_item title=\u00bbPROYECTOS EN CURSO\u00bb _builder_version=\u00bb4.16&#8243; global_colors_info=\u00bb{}\u00bb open=\u00bboff\u00bb]<\/p>\n<ol>\n<li>Desarrollo de modelos matem\u00e1ticos que permitan la estimaci\u00f3n del momento \u00faltimo de consumo de sustancias de abuso a partir de estudios toxicocin\u00e9ticos.<\/li>\n<li>Evaluaci\u00f3n del efecto de sustancias de inter\u00e9s forense sobe el crecimiento y desarrollo de entomofauna cadav\u00e9rica.<\/li>\n<li>Dise\u00f1o e implementaci\u00f3n de actividades para la evaluaci\u00f3n de las competencias del perfil de egreso del cient\u00edfico forense.<\/li>\n<\/ol>\n<p>[\/et_pb_accordion_item][et_pb_accordion_item title=\u00bbPUBLICACIONES RECIENTES\u00bb _builder_version=\u00bb4.16&#8243; global_colors_info=\u00bb{}\u00bb open=\u00bboff\u00bb]Art\u00edculos en revistas indexadas: 1 Sherpa Romeo, Cosmos, CrossRefm Google Scholar, Index Copernicus ICV: 63.95<\/p>\n<p><em>Mathematical Models Employed to Predict the Timeframe of Intoxications as Interpretation Tools in Forensic Cases<\/em>, Quijano-Mateos A, Castillo-Alan\u00eds LA and Bravo-G\u00f3mez ME, J Forensic Toxicol Pharmacol 2017, 6:1 DOI: 10.4172\/2325-9841.1000153<\/p>\n<p>&nbsp;<\/p>\n<p>Cap\u00edtulos de libros:<\/p>\n<ul>\n<li>\u201cRetos de la toxicolog\u00eda ante las descargas il\u00edcitas al ambiente\u201d para el libro <em>Temas de vanguardia en ciencia forense,<\/em> Editorial Tirant Lo Blanch, 2018. ISBN 978-84-9169-787-9.<\/li>\n<li>\u201cCannabinoides sint\u00e9ticos: un reto para el toxic\u00f3logo forense\u201d para el libro <em>Temas de vanguardia en ciencia forense,<\/em> Editorial Tirant Lo Blanch, 2018. ISBN 978-84-9169-787-9.<\/li>\n<li>\u201cFundamentos de Toxicolog\u00eda para Qu\u00edmicos Farmac\u00e9uticos Bi\u00f3logos\u201d, 2017 UNAM, ISBN 978-607-02-9781<\/li>\n<li>\u201cToxicolog\u00eda Forense. Envenenamientos\u201d para el libro <em>T\u00f3picos selectos de ciencias forenses y seguridad<\/em>, 2017.<\/li>\n<li>\u201cEstado del Arte de la Toxicolog\u00eda Forense en M\u00e9xico\u201d y \u201cConclusiones\u201d en el <em>Estado del Arte de las Ciencias Forenses en M\u00e9xico<\/em>, obra editada por la editorial Tirant Lo Blanch, 2017.<\/li>\n<li>\u201cManual de Laboratorio para la Asignatura de Toxicolog\u00eda (Clave: 1485), de la Licenciatura en Ciencia Forense de la Facultad de Medicina de la UNAM\u201d, 2016.<\/li>\n<li>\u201cLa Qu\u00edmica y la Toxicolog\u00eda en el \u00e1mbito forense\u201d para el libro <em>Ciencia Forense en el contexto del nuevo Sistema de Justicia Penal<\/em>, obra editada por el Instituto de Estudios Judiciales del Tribunal Superior de Justicia de la Ciudad de M\u00e9xico, 2016.<\/li>\n<li>\u201cHuella gen\u00e9tica. Identificaci\u00f3n por ADN\u201d para el libro <em>Identificaci\u00f3n Forense: Manual pr\u00e1ctico de antropolog\u00eda forense.<\/em> Editorial Trillas, 2015.<\/li>\n<li>\u201cManual de guiones experimentales para la ense\u00f1anza y aprendizaje del laboratorio de Toxicolog\u00eda (clave 1614). ISBN 978-607-02-3094-3, 2012<\/li>\n<li>\u201cPescados y Mariscos\u201d, en el libro <em style=\"font-size: 14px;\">Toxicolog\u00eda de Alimentos<\/em><span style=\"font-size: 14px;\">. Editorial McGraw-Hill, 2012.<\/span><\/li>\n<\/ul>\n<p>[\/et_pb_accordion_item][et_pb_accordion_item title=\u00bbPRODUCTOS DESTACADOS\u00bb _builder_version=\u00bb4.16&#8243; global_colors_info=\u00bb{}\u00bb open=\u00bboff\u00bb]<em>Mathematical Models Employed to Predict the Timeframe of Intoxications as Interpretation Tools in Forensic Cases<\/em>, Quijano-Mateos A, Castillo-Alan\u00eds LA and Bravo-G\u00f3mez ME, J Forensic Toxicol Pharmacol 2017, 6:1 DOI: 10.4172\/2325-9841.1000153<\/p>\n<p>Tesis dirigidas:<\/p>\n<ul>\n<li>Mario de Jes\u00fas N\u00e1jera Espinosa. \u201cConsecuencias toxicol\u00f3gicas del poliuso de drogas, tendencias generales de poliuso\u201d para obtener el t\u00edtulo de Qu\u00edmico Farmac\u00e9utico-Bi\u00f3logo. 29 de febrero de 2016.<\/li>\n<li>Mar\u00eda Regina Estrada Garc\u00eda. \u201cEstudios de co-administraci\u00f3n de sustancias usadas para incrementar la masa muscular y sustancias psicoactivas de tipo anfetam\u00ednico\u201d para obtener el t\u00edtulo de Qu\u00edmica Farmac\u00e9utico-Bi\u00f3loga. 3 de marzo de 2016.<\/li>\n<li>Abiga\u00edl Vidal Silva. \u201cTendencias en el estudio de agonistas sint\u00e9ticos del receptor de cannabinoides\u201d para obtener el t\u00edtulo de Qu\u00edmica Farmac\u00e9utico-Biol\u00f3ga. 13 de febrero de 2017.<\/li>\n<li>Laura Nayeli Camacho Garc\u00eda. \u201cConstrucci\u00f3n de un modelo PBPK de coca\u00edna en rata\u201d para obtener el t\u00edtulo de Qu\u00edmica Farmac\u00e9utico-Bi\u00f3loga. 21 de marzo de 2018.<\/li>\n<\/ul>\n<p>Carlos Adri\u00e1n T\u00e9llez Vieyra. \u201cCaracterizaci\u00f3n qu\u00edmica y toxicol\u00f3gica de Triptaminas de inter\u00e9s forense\u201d.<\/p>\n<p>&nbsp;<br \/>\n[\/et_pb_accordion_item][et_pb_accordion_item title=\u00bbDOCENCIA\u00bb _builder_version=\u00bb4.16&#8243; global_colors_info=\u00bb{}\u00bb open=\u00bboff\u00bb]<\/p>\n<ol>\n<li>Profesor:\n<ol>\n<li>Toxicolog\u00eda<\/li>\n<\/ol>\n<\/li>\n<li>Participaci\u00f3n en cursos de la licenciatura\n<ol>\n<li>Farmacodependencia y adicciones<\/li>\n<li>Toxicolog\u00eda avanzada<\/li>\n<\/ol>\n<\/li>\n<li>Actividades acad\u00e9micas\n<ol>\n<li>Club de lectura cient\u00edfica<\/li>\n<li>Taller de Elaboraci\u00f3n de Tesis<\/li>\n<\/ol>\n<\/li>\n<\/ol>\n<p>[\/et_pb_accordion_item][\/et_pb_accordion][\/et_pb_column][\/et_pb_row][\/et_pb_section]<\/p>\n","protected":false},"excerpt":{"rendered":"<p>&nbsp; Cargo:\u00a0T\u00e9cnica Acad\u00e9mica C de T. C. Tel\u00e9fonos:\u00a0 56-23-23-00 ext. 81925 y 81935 Correo electr\u00f3nico:\u00a0alejandra@enacif.unam.mxEstudi\u00f3 la carrera de Qu\u00edmica Farmac\u00e9utico-Biol\u00f3gica en la Facultad de Qu\u00edmica de la UNAM, realiz\u00f3 la tesis de licenciatura en el Instituto de Ecolog\u00eda y su trabajo particip\u00f3 en el XIII Congreso Nacional de Bioqu\u00edmica y Biolog\u00eda Molecular de Plantas y [&hellip;]<\/p>\n","protected":false},"author":2,"featured_media":0,"parent":0,"menu_order":0,"comment_status":"closed","ping_status":"open","template":"","meta":{"_et_pb_use_builder":"on","_et_pb_old_content":"","_et_gb_content_width":"","_monsterinsights_skip_tracking":false,"_monsterinsights_sitenote_active":false,"_monsterinsights_sitenote_note":"","_monsterinsights_sitenote_category":0,"footnotes":""},"class_list":["post-2106","page","type-page","status-publish","hentry"],"aioseo_notices":[],"_links":{"self":[{"href":"https:\/\/www.enacif.unam.mx\/index.php?rest_route=\/wp\/v2\/pages\/2106","targetHints":{"allow":["GET"]}}],"collection":[{"href":"https:\/\/www.enacif.unam.mx\/index.php?rest_route=\/wp\/v2\/pages"}],"about":[{"href":"https:\/\/www.enacif.unam.mx\/index.php?rest_route=\/wp\/v2\/types\/page"}],"author":[{"embeddable":true,"href":"https:\/\/www.enacif.unam.mx\/index.php?rest_route=\/wp\/v2\/users\/2"}],"replies":[{"embeddable":true,"href":"https:\/\/www.enacif.unam.mx\/index.php?rest_route=%2Fwp%2Fv2%2Fcomments&post=2106"}],"version-history":[{"count":15,"href":"https:\/\/www.enacif.unam.mx\/index.php?rest_route=\/wp\/v2\/pages\/2106\/revisions"}],"predecessor-version":[{"id":10907,"href":"https:\/\/www.enacif.unam.mx\/index.php?rest_route=\/wp\/v2\/pages\/2106\/revisions\/10907"}],"wp:attachment":[{"href":"https:\/\/www.enacif.unam.mx\/index.php?rest_route=%2Fwp%2Fv2%2Fmedia&parent=2106"}],"curies":[{"name":"wp","href":"https:\/\/api.w.org\/{rel}","templated":true}]}}