{"id":2118,"date":"2016-04-04T20:59:32","date_gmt":"2016-04-04T20:59:32","guid":{"rendered":"http:\/\/www.cienciaforense.facmed.unam.mx\/?page_id=2118"},"modified":"2025-05-26T15:10:27","modified_gmt":"2025-05-26T15:10:27","slug":"2118-2","status":"publish","type":"page","link":"https:\/\/www.enacif.unam.mx\/?page_id=2118","title":{"rendered":"Dra. Fernanda L\u00f3pez Escobedo"},"content":{"rendered":"<p>[et_pb_section fb_built=\u00bb1&#8243; _builder_version=\u00bb4.16&#8243; global_colors_info=\u00bb{}\u00bb][et_pb_row column_structure=\u00bb1_2,1_2&#8243; _builder_version=\u00bb4.16&#8243; background_size=\u00bbinitial\u00bb background_position=\u00bbtop_left\u00bb background_repeat=\u00bbrepeat\u00bb global_colors_info=\u00bb{}\u00bb][et_pb_column type=\u00bb1_2&#8243; _builder_version=\u00bb4.16&#8243; custom_padding=\u00bb|||\u00bb global_colors_info=\u00bb{}\u00bb custom_padding__hover=\u00bb|||\u00bb][et_pb_post_title meta=\u00bboff\u00bb featured_image=\u00bboff\u00bb _builder_version=\u00bb4.27.4&#8243; hover_enabled=\u00bb0&#8243; global_colors_info=\u00bb{}\u00bb title_font=\u00bb|700|||||||\u00bb sticky_enabled=\u00bb0&#8243;][\/et_pb_post_title][et_pb_text _builder_version=\u00bb4.19.2&#8243; global_colors_info=\u00bb{}\u00bb]<strong><img loading=\"lazy\" decoding=\"async\" src=\"https:\/\/enacif.unam.mx\/wp-content\/uploads\/2015\/02\/00fernanda1.png\" width=\"134\" height=\"217\" alt=\"\" class=\"wp-image-214 aligncenter size-full\" scale=\"0\" style=\"display: block; margin-left: auto; margin-right: auto;\" \/><\/strong><strong>Cargo:<\/strong> Profesora Titular A de T. C.<\/p>\n<p><strong>Nivel en el sistema nacional de investigadores:<\/strong> Candidato<\/p>\n<p><strong>Tel\u00e9fonos:<\/strong> 5623 23 00 ext 81918<\/p>\n<p><strong>Correo electr\u00f3nico:<\/strong> flopeze@unam.mx[\/et_pb_text][et_pb_gallery fullwidth=\u00bbon\u00bb _builder_version=\u00bb4.16&#8243; auto=\u00bbon\u00bb global_colors_info=\u00bb{}\u00bb][\/et_pb_gallery][\/et_pb_column][et_pb_column type=\u00bb1_2&#8243; _builder_version=\u00bb4.16&#8243; custom_padding=\u00bb|||\u00bb global_colors_info=\u00bb{}\u00bb custom_padding__hover=\u00bb|||\u00bb][et_pb_accordion _builder_version=\u00bb4.16&#8243; global_colors_info=\u00bb{}\u00bb][et_pb_accordion_item title=\u00bbSEMBLANZA\u00bb open=\u00bbon\u00bb _builder_version=\u00bb4.16&#8243; global_colors_info=\u00bb{}\u00bb]<\/p>\n<p style=\"text-align: justify;\">Es licenciada en Lengua y Literaturas Hisp\u00e1nicas por la UNAM, Maestra en Ling\u00fc\u00edstica Aplicada y Doctora en Ciencias del Lenguaje y Ling\u00fc\u00edstica Aplicada\u00a0 por la Universidad Pompeu Fabra de Barcelona, Espa\u00f1a. Cuenta con una especialidad en estad\u00edstica aplicada por el Instituto de Investigaciones en Matem\u00e1ticas Aplicadas y Sistemas (IIMAS) de la UNAM. Actualmente cursa la licenciatura en Derecho en el Sistema de Universidad Abierta de la UNAM.<\/p>\n<p style=\"text-align: justify;\">Ha participado en proyectos relacionados con las tecnolog\u00edas del lenguaje y la ling\u00fc\u00edstica forense en Espa\u00f1a y en M\u00e9xico. Asimismo, ha organizado diversos eventos acad\u00e9micos dentro de la UNAM y ha participado en conferencias y cursos a nivel nacional e internacional. Cuenta con publicaciones acad\u00e9micas y de divulgaci\u00f3n en el \u00e1mbito de las tecnolog\u00edas del lenguaje y la ling\u00fc\u00edstica forense.<\/p>\n<p style=\"text-align: justify;\">Actualmente es acad\u00e9mica de tiempo completo en la Licenciatura en Ciencia Forense de la UNAM, colaboradora del Grupo de Ingenier\u00eda Ling\u00fc\u00edstica del Instituto de Ingenier\u00eda de la UNAM y miembro del Sistema Nacional de Investigadores.<\/p>\n<p>[\/et_pb_accordion_item][et_pb_accordion_item title=\u00bbL\u00cdNEAS DE INVESTIGACI\u00d3N\u00bb _builder_version=\u00bb4.16&#8243; global_colors_info=\u00bb{}\u00bb open=\u00bboff\u00bb]<\/p>\n<p style=\"text-align: justify;\">L\u00ednea 1: Ling\u00fc\u00edstica Forense<\/p>\n<p style=\"text-align: justify;\"><strong>Objetivo <\/strong><em>(de la l\u00ednea de investigaci\u00f3n) <\/em><\/p>\n<p style=\"text-align: justify;\">Analizar los fen\u00f3menos relacionados con el uso del lenguaje jur\u00eddico en el contexto del nuevo sistema penal acusatorio. En particular, el entendimiento del lenguaje que se usa en la expresi\u00f3n de los m\u00e9todos y conclusiones en el armado de las pruebas cient\u00edficas y t\u00e9cnicas que resulta crucial para el operador jur\u00eddico, quien debe valorar de manera integral las conclusiones que parten de un \u00e1mbito de conocimiento distinto al suyo.<\/p>\n<p style=\"text-align: justify;\">L\u00ednea 2: Fon\u00e9tica y ac\u00fastica forense<\/p>\n<p style=\"text-align: justify;\"><strong>Objetivo <\/strong><em>(de la l\u00ednea de investigaci\u00f3n) <\/em><\/p>\n<p style=\"text-align: justify;\">Desarrollar conocimiento que pueda ser \u00fatil en el an\u00e1lisis de una evidencia oral. Con ello se espera proponer nuevos m\u00e9todos de an\u00e1lisis, as\u00ed como estad\u00edsticas que sirvan de referencia en el an\u00e1lisis de una muestra de voz del espa\u00f1ol de M\u00e9xico.<\/p>\n<p style=\"text-align: justify;\">\n<p>[\/et_pb_accordion_item][et_pb_accordion_item title=\u00bbPROYECTOS EN CURSO\u00bb _builder_version=\u00bb4.16&#8243; global_colors_info=\u00bb{}\u00bb open=\u00bboff\u00bb]<\/p>\n<ul>\n<li style=\"text-align: justify;\">Proyecto 1: Definici\u00f3n de par\u00e1metros ling\u00fc\u00edsticos para la clasificaci\u00f3n de un banco de voces con fines de identificaci\u00f3n forense\u00a0(PAPIIT IA401517)<\/li>\n<\/ul>\n<p style=\"text-align: justify;\"><strong>Objetivo: <\/strong>Proponer una serie de caracter\u00edsticas fon\u00e9ticas y morfosint\u00e1cticas que sirvan para clasificar las voces o grabaciones contenidas en una base de datos utilizada para realizar comparaciones forenses autom\u00e1ticas de voz. Es decir, con la definici\u00f3n de caracter\u00edsticas ling\u00fc\u00edsticas ser\u00e1 posible clasificar una base de datos para comparar la muestra de voz dubitada s\u00f3lo contra el grupo de voces que comparte dichas caracter\u00edsticas y no contra toda la base de datos, reduciendo as\u00ed el n\u00famero de falsos positivos y falsos negativos en el an\u00e1lisis. La clasificaci\u00f3n permitir\u00e1 generar grupos o conjuntos de voces que servir\u00e1n para definir una poblaci\u00f3n de referencia en la comparaci\u00f3n de una grabaci\u00f3n dubitada.<\/p>\n<p style=\"text-align: justify;\"><strong>\u00a0<\/strong><strong>Participantes:<\/strong><\/p>\n<p style=\"text-align: justify;\"><strong>\u00a0<\/strong>Dra. Axel Hern\u00e1ndez D\u00edaz<\/p>\n<p style=\"text-align: justify;\">Dr. Iv\u00e1n Meza Ruiz<\/p>\n<p style=\"text-align: justify;\">Dr. Javier Octavio Cu\u00e9tara Priede<\/p>\n<p style=\"text-align: justify;\">Mtra. Teresita Adriana Reyes Careaga<\/p>\n<p style=\"text-align: justify;\">\n<p style=\"text-align: justify;\">Esteban Carmona Ch\u00e1vez<\/p>\n<p style=\"text-align: justify;\">Diana Laura Pe\u00f1a Rodr\u00edguez<\/p>\n<p style=\"text-align: justify;\">Dominic Lilian Berm\u00fadez Castillo<\/p>\n<p style=\"text-align: justify;\">Dulce Valeria P\u00e9rez Soria<\/p>\n<p style=\"text-align: justify;\">Karina Hern\u00e1ndez Salas<\/p>\n<p style=\"text-align: justify;\">Leonor Esperanza Barajas L\u00f3pez<\/p>\n<p style=\"text-align: justify;\">Mar\u00eda Alicia Mart\u00edn del Campo Rodr\u00edguez<\/p>\n<p style=\"text-align: justify;\">Nallely Barba Altamirano<\/p>\n<p style=\"text-align: justify;\">Ver\u00f3nica Irasema Mendoza Zamora<\/p>\n<p>[\/et_pb_accordion_item][et_pb_accordion_item title=\u00bbPUBLICACIONES RECIENTES\u00bb _builder_version=\u00bb4.16&#8243; global_colors_info=\u00bb{}\u00bb open=\u00bboff\u00bb]<\/p>\n<ul>\n<li>Art\u00edculos\n<ul>\n<li>L\u00f3pez-Escobedo, F., Garc\u00eda, Z., Hincapie, J., L\u00f3pez, P. (En prensa). \u201cEn B\u00fasqueda de un Lenguaje Com\u00fan entre la Ciencia y el Derecho: el Caso de la Ciencia Forense en M\u00e9xico\u201d. <em>Debate terminol\u00f3gico<\/em>, n. 17.<\/li>\n<li>L\u00f3pez-Escobedo F., Pineda L. (2017). \u201cDiscriminatory Capacity of the Most Representative Phonemes in Spanish: An evaluation for Forensic Voice Comparison\u201d. <a href=\"http:\/\/link.springer.com\/book\/10.1007\/978-3-319-47955-2\"><em>Advances in Computational Intelligence &#8211; MICAI 2016.\u00a0<\/em><\/a> 10061. pp. 127-140.<\/li>\n<li>Mota M., Da Cunha I., L\u00f3pez-Escobedo F. (2016). \u201cUn corpus de par\u00e1frasis en espa\u00f1ol: metodolog\u00eda, elaboraci\u00f3n y an\u00e1lisis\u201d. <em>Revista de Ling\u00fc\u00edstica Te\u00f3rica y Aplicada<\/em>, 54 (2).<\/li>\n<li>L\u00f3pez-Escobedo F., Solorzano-Soto J. (2016). \u201cPropuesta de clasificaci\u00f3n de un banco de voces con fines de identificaci\u00f3n forense\u201d. <em>Linguam\u00e1tica<\/em>, 8 (1):33-41.<\/li>\n<li>L\u00f3pez-Escobedo F., Solorzano-Soto J., Sierra Mart\u00ednez G. (2016). \u201cAnalysis of Intertextual Distances Using Multidimensional Scaling in the Context of Authorship Attribution\u201d. <em>Journal of Quantitative Linguistics<\/em>, 23 (2):154-176.\u00a0<\/li>\n<\/ul>\n<\/li>\n<\/ul>\n<ul>\n<li>Cap\u00edtulos en libros\n<ul>\n<li>Quinto, M., L\u00f3pez-Escobedo, F., Loyzance, Ch. (2018). \u201cAplicaciones de la tecnolog\u00eda en Ciencia Forense\u201d. En Garc\u00eda Z., L\u00f3pez-Escobedo, F., Goslinga, L., (coords.) <em>Temas de vanguardia en Ciencia Forense<\/em>, M\u00e9xico: Tirant lo Blanch. Pp. 263-275. ISBN: 978-84-9169-787-9.<\/li>\n<li>Garc\u00eda, Z., Mungarro, X., L\u00f3pez-Escobedo, F. (2018). \u201cC\u00f3mo se investiga un delito\u201d. En Ostrosky, F. (coord.). C\u00f3mo se debe resolver un crimen. M\u00e9xico: Manual Moderno. Pp.1-12. ISBN: 9786074486483.<\/li>\n<li>Guardado-Estrada, M., L\u00f3pez-Escobedo, F., Quijano-Mateos, A., Bravo-G\u00f3mez, M. E., Suzuri, L. (2017). \u201cConclusiones\u201d. En Garc\u00eda, Z.; Bravo-G\u00f3mez, M. E. (coords.) <em>El Estado del Arte de las <\/em>Ciencias Forenses en M\u00e9xico. M\u00e9xico: Tirant lo Blanch. Pp. 391-401. ISBN: 978-84-9143-731-4.<\/li>\n<li>L\u00f3pez-Escobedo, F. (2017). \u201cEl Estado del Arte de la Ac\u00fastica Forense en M\u00e9xico\u201d. En Garc\u00eda Z.; Bravo-G\u00f3mez, M. E. (coords.) <em>El Estado del Arte de las Ciencias Forenses en M\u00e9xico<\/em>. M\u00e9xico: Tirant lo Blanch. Pp. 153-163. ISBN: 978-84-9143-731-4.<\/li>\n<li>L\u00f3pez-Escobedo, F. (2016). \u201cLa ling\u00fc\u00edstica forense y sus \u00e1mbitos de aplicaci\u00f3n\u201d. En Garc\u00eda Z.; \u00c1lvarez A. (coords.) <em>Ciencia Forense en el contexto del nuevo sistema de justicia penal<\/em>. M\u00e9xico: Tribunal Superior de Justicia de la Ciudad de M\u00e9xico. Pp. 143-165. ISBN: 978-607-9082-20-8.<\/li>\n<li>L\u00f3pez-Escobedo F. (2016). \u201cFon\u00e9tica Forense\u201d. En Garc\u00eda Z.; Goslinga L. (coords.) <em>Derecho y Ciencia Forense<\/em>. M\u00e9xico: Tirant lo Blanch. Pp. 193-216. ISBN: 878-84-9119-766-9\u00a0<\/li>\n<\/ul>\n<\/li>\n<\/ul>\n<ul>\n<li>Libros o manuales <em>(en orden cronol\u00f3gico descendente)\u00a0<\/em>\n<ul>\n<li>\u00a0Garc\u00eda Z., L\u00f3pez-Escobedo, F., Goslinga, L., (coords.) (2018). Temas de vanguardia en Ciencia Forense, M\u00e9xico: Tirant lo Blanch. ISBN: 978-84-9169-787-9.\u00ba<\/li>\n<\/ul>\n<\/li>\n<\/ul>\n<p>[\/et_pb_accordion_item][et_pb_accordion_item title=\u00bbDOCENCIA\u00bb _builder_version=\u00bb4.16&#8243; global_colors_info=\u00bb{}\u00bb open=\u00bboff\u00bb]<\/p>\n<p>(<em>Clases impartidas actualmente en la LCF o en otras dependencias o instituciones<\/em>)<\/p>\n<p>Estad\u00edstica Forense I<\/p>\n<p>Estad\u00edstica Forense II<\/p>\n<p>Ac\u00fastica Forense<\/p>\n<p>Espa\u00f1ol 5 (Ling\u00fc\u00edstica Forense)<\/p>\n<p>[\/et_pb_accordion_item][\/et_pb_accordion][\/et_pb_column][\/et_pb_row][\/et_pb_section]<\/p>\n","protected":false},"excerpt":{"rendered":"<p>Cargo: Profesora Titular A de T. C. Nivel en el sistema nacional de investigadores: Candidato Tel\u00e9fonos: 5623 23 00 ext 81918 Correo electr\u00f3nico: flopeze@unam.mxEs licenciada en Lengua y Literaturas Hisp\u00e1nicas por la UNAM, Maestra en Ling\u00fc\u00edstica Aplicada y Doctora en Ciencias del Lenguaje y Ling\u00fc\u00edstica Aplicada\u00a0 por la Universidad Pompeu Fabra de Barcelona, Espa\u00f1a. Cuenta [&hellip;]<\/p>\n","protected":false},"author":2,"featured_media":0,"parent":0,"menu_order":0,"comment_status":"closed","ping_status":"open","template":"","meta":{"_et_pb_use_builder":"on","_et_pb_old_content":"","_et_gb_content_width":"","_monsterinsights_skip_tracking":false,"_monsterinsights_sitenote_active":false,"_monsterinsights_sitenote_note":"","_monsterinsights_sitenote_category":0,"footnotes":""},"class_list":["post-2118","page","type-page","status-publish","hentry"],"aioseo_notices":[],"_links":{"self":[{"href":"https:\/\/www.enacif.unam.mx\/index.php?rest_route=\/wp\/v2\/pages\/2118","targetHints":{"allow":["GET"]}}],"collection":[{"href":"https:\/\/www.enacif.unam.mx\/index.php?rest_route=\/wp\/v2\/pages"}],"about":[{"href":"https:\/\/www.enacif.unam.mx\/index.php?rest_route=\/wp\/v2\/types\/page"}],"author":[{"embeddable":true,"href":"https:\/\/www.enacif.unam.mx\/index.php?rest_route=\/wp\/v2\/users\/2"}],"replies":[{"embeddable":true,"href":"https:\/\/www.enacif.unam.mx\/index.php?rest_route=%2Fwp%2Fv2%2Fcomments&post=2118"}],"version-history":[{"count":19,"href":"https:\/\/www.enacif.unam.mx\/index.php?rest_route=\/wp\/v2\/pages\/2118\/revisions"}],"predecessor-version":[{"id":10893,"href":"https:\/\/www.enacif.unam.mx\/index.php?rest_route=\/wp\/v2\/pages\/2118\/revisions\/10893"}],"wp:attachment":[{"href":"https:\/\/www.enacif.unam.mx\/index.php?rest_route=%2Fwp%2Fv2%2Fmedia&parent=2118"}],"curies":[{"name":"wp","href":"https:\/\/api.w.org\/{rel}","templated":true}]}}