{"id":3033,"date":"2017-03-07T18:39:23","date_gmt":"2017-03-07T18:39:23","guid":{"rendered":"http:\/\/www.cienciaforense.facmed.unam.mx\/?page_id=3033"},"modified":"2026-03-20T17:18:56","modified_gmt":"2026-03-20T17:18:56","slug":"dr-vicente-torres-zuniga","status":"publish","type":"page","link":"https:\/\/www.enacif.unam.mx\/?page_id=3033","title":{"rendered":"Dr. Vicente Torres Z\u00fa\u00f1iga"},"content":{"rendered":"<p>[et_pb_section fb_built=\u00bb1&#8243; _builder_version=\u00bb4.16&#8243; global_colors_info=\u00bb{}\u00bb][et_pb_row column_structure=\u00bb1_2,1_2&#8243; _builder_version=\u00bb4.16&#8243; background_size=\u00bbinitial\u00bb background_position=\u00bbtop_left\u00bb background_repeat=\u00bbrepeat\u00bb global_colors_info=\u00bb{}\u00bb][et_pb_column type=\u00bb1_2&#8243; _builder_version=\u00bb4.16&#8243; custom_padding=\u00bb|||\u00bb global_colors_info=\u00bb{}\u00bb custom_padding__hover=\u00bb|||\u00bb][et_pb_post_title meta=\u00bboff\u00bb featured_image=\u00bboff\u00bb _builder_version=\u00bb4.27.4&#8243; title_font=\u00bb|700|||||||\u00bb global_colors_info=\u00bb{}\u00bb][\/et_pb_post_title][et_pb_text _builder_version=\u00bb4.19.2&#8243; custom_padding=\u00bb||1px|||\u00bb global_colors_info=\u00bb{}\u00bb]<\/p>\n<p><strong><img loading=\"lazy\" decoding=\"async\" src=\"http:\/\/www.cienciaforense.facmed.unam.mx\/wp-content\/uploads\/2017\/03\/VicenteFoto-632x1024.jpg\" width=\"143\" height=\"232\" alt=\"\" class=\"wp-image-3034 aligncenter size-large\" scale=\"0\" style=\"display: block; margin-left: auto; margin-right: auto;\" srcset=\"https:\/\/www.enacif.unam.mx\/wp-content\/uploads\/2017\/03\/VicenteFoto-632x1024.jpg 632w, https:\/\/www.enacif.unam.mx\/wp-content\/uploads\/2017\/03\/VicenteFoto-185x300.jpg 185w, https:\/\/www.enacif.unam.mx\/wp-content\/uploads\/2017\/03\/VicenteFoto.jpg 1417w\" sizes=\"(max-width: 143px) 100vw, 143px\" \/>Cargo:<\/strong>\u00a0Tec. Acad. C de T. C.<\/p>\n<p><strong>Correo electr\u00f3nico:\u00a0<\/strong><a href=\"mailto:vicentetorres@enacif\">vicentetorres@enacif.unam.mx<\/a><\/p>\n<p>[\/et_pb_text][et_pb_gallery gallery_ids=\u00bb7556,8657,4502,9922,4503,8034,4504,7451,7619&#8243; fullwidth=\u00bbon\u00bb _builder_version=\u00bb4.19.2&#8243; auto=\u00bbon\u00bb hover_enabled=\u00bb0&#8243; global_colors_info=\u00bb{}\u00bb sticky_enabled=\u00bb0&#8243;][\/et_pb_gallery][\/et_pb_column][et_pb_column type=\u00bb1_2&#8243; _builder_version=\u00bb4.16&#8243; custom_padding=\u00bb|||\u00bb global_colors_info=\u00bb{}\u00bb custom_padding__hover=\u00bb|||\u00bb][et_pb_accordion _builder_version=\u00bb4.27.4&#8243; hover_enabled=\u00bb0&#8243; global_colors_info=\u00bb{}\u00bb sticky_enabled=\u00bb0&#8243;][et_pb_accordion_item title=\u00bbSEMBLANZA\u00bb open=\u00bbon\u00bb _builder_version=\u00bb4.27.4&#8243; global_colors_info=\u00bb{}\u00bb]<\/p>\n<div>\n<p style=\"text-align: justify;\">El Dr. Vicente Torres Z\u00fa\u00f1iga cuenta con la licenciatura de f\u00edsica, maestr\u00eda y doctorado en Ing. el\u00e9ctrica, con especialidad en instrumentaci\u00f3n \u00f3ptica, por parte de la UNAM. Actualmente se desempe\u00f1a como acad\u00e9mico de tiempo completo en la Escuela Nacional de Ciencias Forenses UNAM.<br \/>Con 21 a\u00f1os de experiencia docente ha impartido cursos en la licenciatura de f\u00edsica y en los postgrados de f\u00edsica m\u00e9dica e ingenier\u00eda el\u00e9ctrica. Es autor de m\u00e1s de 60 trabajos acad\u00e9micos publicados.<\/p>\n<p style=\"text-align: justify;\">Est\u00e1 a cargo de los trabajos acad\u00e9micos del lugar llamado Aula de Pr\u00e1cticas Criminal\u00edsticas. As\u00ed como el Aula Digital, el Centro de Documentaci\u00f3n, y el Laboratorio General de la ENaCiF.<br \/>Es editor general de la Revista Digital de Ciencia Forense (ReCiF). Adem\u00e1s, es presidente de la Asociaci\u00f3n Americana de Profesores de F\u00edsica Cap\u00edtulo M\u00e9xico, tambi\u00e9n es parte de la Asociaci\u00f3n Mexicana de Criminal\u00edstica, y pertenece al Sistema Nacional de Investigadores.<br \/>Ha obtenido distinciones por sus trabajos en fotograf\u00eda cient\u00edfica y la divulgaci\u00f3n de la ciencia. Actividad que le ha brindado premios, como el segundo lugar en \u201cOPN\u2019s After Image Photo Contest\u201d (2014) y el primer lugar en el \u201cConcurso de Divulgaci\u00f3n y Periodismo de la Ciencia Getrudis Uruchurtu\u201d (2013).<\/p>\n<\/div>\n<p>[\/et_pb_accordion_item][et_pb_accordion_item title=\u00bbL\u00cdNEAS DE INVESTIGACI\u00d3N\u00bb _builder_version=\u00bb4.27.4&#8243; hover_enabled=\u00bb0&#8243; global_colors_info=\u00bb{}\u00bb open=\u00bboff\u00bb sticky_enabled=\u00bb0&#8243;]<\/p>\n<p style=\"text-align: justify;\"><strong><em>1) Desarrollo de modelos f\u00edsicos para la reconstrucci\u00f3n de hechos.<\/em><\/strong><\/p>\n<p style=\"text-align: justify;\"><span><strong>Objetivo:<\/strong><\/span><span>\u00a0<\/span>Desde la perspectiva matem\u00e1tica de problemas inversos, se utilizan los datos de los indicios para proponer el uso de f\u00f3rmulas anal\u00edticas o num\u00e9ricas con el fin de calcular par\u00e1metros iniciales. Se determinan los l\u00edmites te\u00f3ricos y se realizan contrastaciones en laboratorio para obtener informaci\u00f3n utilizable por criminalistas en reconstrucciones mec\u00e1nicas.<\/p>\n<p style=\"text-align: justify;\"><strong><em>2) Construcci\u00f3n de herramientas para an\u00e1lisis de im\u00e1genes.<\/em><\/strong><span><em>\u00a0<\/em><\/span><\/p>\n<p style=\"text-align: justify;\"><strong>Objetivo <\/strong>Se articulan sistemas \u00f3ptico-digitales-inform\u00e1ticos para estudiar im\u00e1genes, fotograf\u00edas o videos de inter\u00e9s forense. La extracci\u00f3n de datos contextuales de la imagen o de metadatos pueden utilizarse para la validaci\u00f3n jur\u00eddica del dato, pero tambi\u00e9n para obtener m\u00e1s informaci\u00f3n significativa del caso. Mediante la construcci\u00f3n r\u00e1pida de prototipos se identifican los l\u00edmites de las herramientas y se eval\u00faa su estabilidad tecnol\u00f3gica para el mercado.<\/p>\n<p>[\/et_pb_accordion_item][et_pb_accordion_item title=\u00bbPROYECTOS EN CURSO\u00bb _builder_version=\u00bb4.19.2&#8243; global_colors_info=\u00bb{}\u00bb open=\u00bboff\u00bb]<\/p>\n<ul>\n<li style=\"text-align: justify;\">PAPIME PE115519 \u201cDesarrollo de Modelos F\u00edsico-Matem\u00e1ticos Did\u00e1cticos para Asignaturas Periciales de la Licenciatura de Ciencia Forense\u201d, Avance del proyecto: 100%.<\/li>\n<li style=\"text-align: justify;\">\u201cDesarrollo de Material Did\u00e1ctico para la Asignatura de F\u00edsica Mec\u00e1nica de la Licenciatura en Ciencia Forense de la Facultad de Medicina\u201d, UNAM-PAPIME-PE107216. Avance del proyecto: 100%.<\/li>\n<\/ul>\n<p>[\/et_pb_accordion_item][et_pb_accordion_item title=\u00bbPUBLICACIONES RECIENTES DEL AMBITO FORENSES \u00bb _builder_version=\u00bb4.27.4&#8243; hover_enabled=\u00bb0&#8243; global_colors_info=\u00bb{}\u00bb open=\u00bboff\u00bb sticky_enabled=\u00bb0&#8243;]<\/p>\n<ul>\n<li>SG Carmona-Contreras, <strong>V. Torres Z\u00fa\u00f1iga<\/strong>. Valoraci\u00f3n social por g\u00e9nero al comunicar informaci\u00f3n t\u00e9cnica y cient\u00edfica. <em>INNOVA Research Journal<\/em> 10 (1), 32\u201349, 2025.<\/li>\n<li><strong>V. Torres-Z\u00fa\u00f1iga<\/strong>. Sesgos en la representaci\u00f3n de profesionales de la ciencia forense en im\u00e1genes generadas por inteligencia artificial. <em>Revista de Tecnolog\u00eda e Innovaci\u00f3n en Educaci\u00f3n Superior (TIES)<\/em>, n.\u00ba 12, pp. 26\u201339, 2025.<\/li>\n<li><strong>V. Torres-Z\u00fa\u00f1iga<\/strong>. Recreaci\u00f3n por computadora de una precipitaci\u00f3n con enganches entre barandales. <em>Revista Logos Ciencia &amp; Tecnolog\u00eda<\/em> 16(3), 2024.<\/li>\n<li><strong>V. Torres-Z\u00fa\u00f1iga<\/strong>, JG Ba\u00f1uelos Mu\u00f1et\u00f3n &amp; FJ Piliado Velasco. Cortocircuitos el\u00e9ctricos como fuente de ignici\u00f3n eficaz en materiales s\u00f3lidos combustibles. <em>Revista Cient\u00edfica Di\u00e1logo Forense<\/em> 5(10), pp. 39\u201350, 2024.<\/li>\n<li><strong>V. Torres Z\u00fa\u00f1iga<\/strong>, JG Ba\u00f1uelos Mu\u00f1et\u00f3n. Comparaci\u00f3n anal\u00edtica de cuatro modelos para reconstrucci\u00f3n de trayectorias bal\u00edsticas. <em>ReCiF<\/em> 2(3), pp. 17\u201335, 2023.<\/li>\n<li><strong>V. Torres Z\u00fa\u00f1iga<\/strong>. F\u00edsica forense: una oportunidad desatendida en los libros de texto. <em>Cultura Cient\u00edfica y Tecnol\u00f3gica<\/em> 20(3), pp. E12\u2013E19, 2023.<\/li>\n<li><strong>V. Torres-Z\u00fa\u00f1iga<\/strong>. Simulaci\u00f3n digital para reconstrucci\u00f3n mec\u00e1nica de hechos en una precipitaci\u00f3n. <em>Revista Mexicana de Medicina Forense y Ciencias de la Salud<\/em> 8(1), p. 19, 2023.<\/li>\n<li>G. Ochoa-Rivera, B. E. Ram\u00edrez Ornelas &amp; <strong>V. Torres-Z\u00fa\u00f1iga<\/strong>. Los diez temas apremiantes para la fotograf\u00eda forense en M\u00e9xico. <em>Revista Digital de Ciencia Forense<\/em> 2(1), 82\u201386, 2023.<\/li>\n<li><strong>V. Torres-Z\u00fa\u00f1iga<\/strong>. Videoan\u00e1lisis y t\u00e9cnica Monte Carlo para calcular la cota m\u00e1xima de la fuerza de una patada. <em>Cultura Cient\u00edfica y Tecnol\u00f3gica<\/em> 19(2), E2\u2013E12, 2022.<\/li>\n<li><strong>V. Torres-Z\u00fa\u00f1iga<\/strong>. Comparaci\u00f3n anal\u00edtica entre video y simulaci\u00f3n de una precipitaci\u00f3n. <em>Revista Digital de Ciencia Forense<\/em> 1(1), 2022.<\/li>\n<\/ul>\n<p>[\/et_pb_accordion_item][et_pb_accordion_item title=\u00bbPRODUCTOS DESTACADOS\u00bb _builder_version=\u00bb4.27.4&#8243; hover_enabled=\u00bb0&#8243; global_colors_info=\u00bb{}\u00bb open=\u00bboff\u00bb sticky_enabled=\u00bb0&#8243;]<\/p>\n<ol>\n<li style=\"text-align: justify;\">Titular a 5 estudiantes de nivel licenciatura en 3 a\u00f1os.<\/li>\n<li style=\"text-align: justify;\">Desarrollo de prototipos funcionales para la ciencia forense<\/li>\n<li style=\"text-align: justify;\">Adaptar free-software para su aplicaci\u00f3n contrastable y profesional en los tribunales.<\/li>\n<\/ol>\n<p>[\/et_pb_accordion_item][et_pb_accordion_item title=\u00bbDOCENCIA\u00bb _builder_version=\u00bb4.27.4&#8243; hover_enabled=\u00bb0&#8243; global_colors_info=\u00bb{}\u00bb open=\u00bboff\u00bb sticky_enabled=\u00bb0&#8243;]<\/p>\n<p>F\u00edsica Mec\u00e1nica<\/p>\n<p>Microscop\u00eda.<\/p>\n<p>Met. de la Investigaci\u00f3n.<\/p>\n<p>&nbsp;<\/p>\n<p>[\/et_pb_accordion_item][\/et_pb_accordion][\/et_pb_column][\/et_pb_row][\/et_pb_section]<\/p>\n","protected":false},"excerpt":{"rendered":"<p>Cargo:\u00a0Tec. Acad. C de T. C. Correo electr\u00f3nico:\u00a0vicentetorres@enacif.unam.mx El Dr. Vicente Torres Z\u00fa\u00f1iga cuenta con la licenciatura de f\u00edsica, maestr\u00eda y doctorado en Ing. el\u00e9ctrica, con especialidad en instrumentaci\u00f3n \u00f3ptica, por parte de la UNAM. Actualmente se desempe\u00f1a como acad\u00e9mico de tiempo completo en la Escuela Nacional de Ciencias Forenses UNAM.Con 21 a\u00f1os de experiencia [&hellip;]<\/p>\n","protected":false},"author":2,"featured_media":0,"parent":0,"menu_order":0,"comment_status":"closed","ping_status":"closed","template":"","meta":{"_et_pb_use_builder":"on","_et_pb_old_content":"","_et_gb_content_width":"","_monsterinsights_skip_tracking":false,"_monsterinsights_sitenote_active":false,"_monsterinsights_sitenote_note":"","_monsterinsights_sitenote_category":0,"footnotes":""},"class_list":["post-3033","page","type-page","status-publish","hentry"],"aioseo_notices":[],"_links":{"self":[{"href":"https:\/\/www.enacif.unam.mx\/index.php?rest_route=\/wp\/v2\/pages\/3033","targetHints":{"allow":["GET"]}}],"collection":[{"href":"https:\/\/www.enacif.unam.mx\/index.php?rest_route=\/wp\/v2\/pages"}],"about":[{"href":"https:\/\/www.enacif.unam.mx\/index.php?rest_route=\/wp\/v2\/types\/page"}],"author":[{"embeddable":true,"href":"https:\/\/www.enacif.unam.mx\/index.php?rest_route=\/wp\/v2\/users\/2"}],"replies":[{"embeddable":true,"href":"https:\/\/www.enacif.unam.mx\/index.php?rest_route=%2Fwp%2Fv2%2Fcomments&post=3033"}],"version-history":[{"count":35,"href":"https:\/\/www.enacif.unam.mx\/index.php?rest_route=\/wp\/v2\/pages\/3033\/revisions"}],"predecessor-version":[{"id":11615,"href":"https:\/\/www.enacif.unam.mx\/index.php?rest_route=\/wp\/v2\/pages\/3033\/revisions\/11615"}],"wp:attachment":[{"href":"https:\/\/www.enacif.unam.mx\/index.php?rest_route=%2Fwp%2Fv2%2Fmedia&parent=3033"}],"curies":[{"name":"wp","href":"https:\/\/api.w.org\/{rel}","templated":true}]}}