{"id":3728,"date":"2018-02-09T18:11:26","date_gmt":"2018-02-09T18:11:26","guid":{"rendered":"http:\/\/www.cienciaforense.facmed.unam.mx\/?page_id=3728"},"modified":"2025-08-22T17:41:59","modified_gmt":"2025-08-22T17:41:59","slug":"proceso-de-seleccion-para-la-admision-de-alumnos-la-licenciatura-en-ciencia-forense","status":"publish","type":"page","link":"https:\/\/www.enacif.unam.mx\/?page_id=3728","title":{"rendered":"PROCESO DE SELECCI\u00d3N PARA LA ADMISION DE ALUMNOS A LA ENaCiF"},"content":{"rendered":"<p>[et_pb_section fb_built=\u00bb1&#8243; _builder_version=\u00bb4.16&#8243; global_colors_info=\u00bb{}\u00bb][et_pb_row column_structure=\u00bb1_2,1_2&#8243; _builder_version=\u00bb4.16&#8243; background_size=\u00bbinitial\u00bb background_position=\u00bbtop_left\u00bb background_repeat=\u00bbrepeat\u00bb global_colors_info=\u00bb{}\u00bb][et_pb_column type=\u00bb1_2&#8243; _builder_version=\u00bb4.16&#8243; custom_padding=\u00bb|||\u00bb global_colors_info=\u00bb{}\u00bb custom_padding__hover=\u00bb|||\u00bb][et_pb_post_title meta=\u00bboff\u00bb _builder_version=\u00bb4.27.4&#8243; hover_enabled=\u00bb0&#8243; global_colors_info=\u00bb{}\u00bb title_font=\u00bb|700|||||||\u00bb sticky_enabled=\u00bb0&#8243;][\/et_pb_post_title][et_pb_text _builder_version=\u00bb4.16&#8243; background_size=\u00bbinitial\u00bb background_position=\u00bbtop_left\u00bb background_repeat=\u00bbrepeat\u00bb global_colors_info=\u00bb{}\u00bb]<\/p>\n<p style=\"text-align: justify;\">El Subcomit\u00e9 de Admisi\u00f3n evaluar\u00e1 a los aspirantes mediante los siguientes procedimientos:<br \/>\n<strong>1.<\/strong> Examen escrito para determinar el grado de conocimientos de matem\u00e1ticas, f\u00edsica, qu\u00edmica, biolog\u00eda, comprensi\u00f3n de textos en espa\u00f1ol, y comprensi\u00f3n de textos en ingl\u00e9s.<br \/>\n<strong>2.<\/strong> Examen psicom\u00e9trico.<br \/>\n<strong>3.<\/strong> Entrevista personal<\/p>\n<p style=\"text-align: justify;\">En los casos de cambio de carrera se efectuar\u00e1, adem\u00e1s, un an\u00e1lisis de los antecedentes acad\u00e9micos del aspirante, considerando el promedio y la trayectoria acad\u00e9mica.<\/p>\n<p style=\"text-align: justify;\">De tal modo, se aceptar\u00e1 para su ingreso a los alumnos mejor calificados.<br \/>\nEl dictamen del Subcomit\u00e9 de Admisi\u00f3n deber\u00e1 ser aprobado por el Comit\u00e9 Acad\u00e9mico para que se d\u00e9 lugar a la inscripci\u00f3n de los alumnos.<\/p>\n<p style=\"text-align: justify;\">Los alumnos aceptados que finalmente decidan no ingresar a la LCF, as\u00ed como los alumnos no aceptados, podr\u00e1n inscribirse a la carrera que originalmente seleccionaron. No se contempla establecer requisitos extracurriculares ni prerrequisitos.<\/p>\n<p>[\/et_pb_text][\/et_pb_column][et_pb_column type=\u00bb1_2&#8243; _builder_version=\u00bb4.16&#8243; custom_padding=\u00bb|||\u00bb global_colors_info=\u00bb{}\u00bb custom_padding__hover=\u00bb|||\u00bb][et_pb_image src=\u00bbhttps:\/\/enacif.unam.mx\/wp-content\/uploads\/2018\/06\/sel_pagweb_LCF-7.jpg\u00bb alt=\u00bbsel_pagweb_LCF (7)\u00bb title_text=\u00bbsel_pagweb_LCF (7)\u00bb align_tablet=\u00bbcenter\u00bb align_phone=\u00bbcenter\u00bb align_last_edited=\u00bbon|desktop\u00bb _builder_version=\u00bb4.19.2&#8243; global_colors_info=\u00bb{}\u00bb][\/et_pb_image][\/et_pb_column][\/et_pb_row][\/et_pb_section]<\/p>\n","protected":false},"excerpt":{"rendered":"<p>El Subcomit\u00e9 de Admisi\u00f3n evaluar\u00e1 a los aspirantes mediante los siguientes procedimientos: 1. Examen escrito para determinar el grado de conocimientos de matem\u00e1ticas, f\u00edsica, qu\u00edmica, biolog\u00eda, comprensi\u00f3n de textos en espa\u00f1ol, y comprensi\u00f3n de textos en ingl\u00e9s. 2. Examen psicom\u00e9trico. 3. Entrevista personal En los casos de cambio de carrera se efectuar\u00e1, adem\u00e1s, un an\u00e1lisis [&hellip;]<\/p>\n","protected":false},"author":2,"featured_media":0,"parent":0,"menu_order":0,"comment_status":"closed","ping_status":"closed","template":"","meta":{"_et_pb_use_builder":"on","_et_pb_old_content":"","_et_gb_content_width":"","_monsterinsights_skip_tracking":false,"_monsterinsights_sitenote_active":false,"_monsterinsights_sitenote_note":"","_monsterinsights_sitenote_category":0,"footnotes":""},"class_list":["post-3728","page","type-page","status-publish","hentry"],"aioseo_notices":[],"_links":{"self":[{"href":"https:\/\/www.enacif.unam.mx\/index.php?rest_route=\/wp\/v2\/pages\/3728","targetHints":{"allow":["GET"]}}],"collection":[{"href":"https:\/\/www.enacif.unam.mx\/index.php?rest_route=\/wp\/v2\/pages"}],"about":[{"href":"https:\/\/www.enacif.unam.mx\/index.php?rest_route=\/wp\/v2\/types\/page"}],"author":[{"embeddable":true,"href":"https:\/\/www.enacif.unam.mx\/index.php?rest_route=\/wp\/v2\/users\/2"}],"replies":[{"embeddable":true,"href":"https:\/\/www.enacif.unam.mx\/index.php?rest_route=%2Fwp%2Fv2%2Fcomments&post=3728"}],"version-history":[{"count":6,"href":"https:\/\/www.enacif.unam.mx\/index.php?rest_route=\/wp\/v2\/pages\/3728\/revisions"}],"predecessor-version":[{"id":11179,"href":"https:\/\/www.enacif.unam.mx\/index.php?rest_route=\/wp\/v2\/pages\/3728\/revisions\/11179"}],"wp:attachment":[{"href":"https:\/\/www.enacif.unam.mx\/index.php?rest_route=%2Fwp%2Fv2%2Fmedia&parent=3728"}],"curies":[{"name":"wp","href":"https:\/\/api.w.org\/{rel}","templated":true}]}}