{"id":45,"date":"2015-02-02T23:51:03","date_gmt":"2015-02-02T23:51:03","guid":{"rendered":"http:\/\/www.cienciaforense.facmed.unam.mx\/wordpress\/?page_id=45"},"modified":"2025-09-09T23:17:37","modified_gmt":"2025-09-09T23:17:37","slug":"investigacion","status":"publish","type":"page","link":"https:\/\/www.enacif.unam.mx\/?page_id=45","title":{"rendered":"INVESTIGACI\u00d3N"},"content":{"rendered":"<p>[et_pb_section fb_built=\u00bb1&#8243; _builder_version=\u00bb4.16&#8243; global_colors_info=\u00bb{}\u00bb][et_pb_row column_structure=\u00bb1_2,1_2&#8243; _builder_version=\u00bb4.16&#8243; global_colors_info=\u00bb{}\u00bb][et_pb_column type=\u00bb1_2&#8243; _builder_version=\u00bb4.16&#8243; custom_padding=\u00bb|||\u00bb global_colors_info=\u00bb{}\u00bb custom_padding__hover=\u00bb|||\u00bb][et_pb_post_title meta=\u00bboff\u00bb featured_image=\u00bboff\u00bb _builder_version=\u00bb4.19.2&#8243; _module_preset=\u00bbdefault\u00bb title_font=\u00bb|700|||||||\u00bb global_colors_info=\u00bb{}\u00bb][\/et_pb_post_title][et_pb_text _builder_version=\u00bb4.27.4&#8243; hover_enabled=\u00bb0&#8243; global_colors_info=\u00bb{}\u00bb sticky_enabled=\u00bb0&#8243;]<\/p>\n<p>En la Licenciatura realizamos investigaci\u00f3n para aumentar nuestro conocimiento sobre el \u00e1rea de Ciencia Forense y as\u00ed ser mejores para ayudar a la sociedad.<\/p>\n<p><strong>M\u00e1s informaci\u00f3n:<\/strong><\/p>\n<ul>\n<li><a href=\"http:\/\/www.cienciaforense.facmed.unam.mx\/?page_id=47\" target=\"_blank\" rel=\"noopener\"><\/a><a href=\"https:\/\/enacif.unam.mx\/?page_id=49\" target=\"_blank\" rel=\"noopener\">Personal acad\u00e9mico de la ENaCiF<\/a><a href=\"http:\/\/www.cienciaforense.facmed.unam.mx\/?page_id=47\" target=\"_blank\" rel=\"noopener\"><\/a><\/li>\n<li><a href=\"https:\/\/enacif.unam.mx\/?page_id=47\" target=\"_blank\" rel=\"noopener\">L\u00edneas principales de investigaci\u00f3n<\/a><\/li>\n<li><a href=\"https:\/\/enacif.unam.mx\/?page_id=7540\">Publicaciones<\/a><a href=\"http:\/\/www.cienciaforense.facmed.unam.mx\/?page_id=49\" target=\"_blank\" rel=\"noopener\"><\/a><\/li>\n<li>Laboratorios: <a href=\"https:\/\/enacif.unam.mx\/selifo\/\">SELIFO<\/a><\/li>\n<\/ul>\n<p>[\/et_pb_text][\/et_pb_column][et_pb_column type=\u00bb1_2&#8243; _builder_version=\u00bb4.16&#8243; custom_padding=\u00bb|||\u00bb global_colors_info=\u00bb{}\u00bb custom_padding__hover=\u00bb|||\u00bb][et_pb_gallery gallery_ids=\u00bb5959,3714,7124,5954,10834&#8243; gallery_orderby=\u00bbrand\u00bb fullwidth=\u00bbon\u00bb _builder_version=\u00bb4.27.4&#8243; global_colors_info=\u00bb{}\u00bb][\/et_pb_gallery][\/et_pb_column][\/et_pb_row][\/et_pb_section]<\/p>\n","protected":false},"excerpt":{"rendered":"<p>En la Licenciatura realizamos investigaci\u00f3n para aumentar nuestro conocimiento sobre el \u00e1rea de Ciencia Forense y as\u00ed ser mejores para ayudar a la sociedad. M\u00e1s informaci\u00f3n: Personal acad\u00e9mico de la ENaCiF L\u00edneas principales de investigaci\u00f3n Publicaciones Laboratorios: SELIFO<\/p>\n","protected":false},"author":2,"featured_media":1982,"parent":0,"menu_order":0,"comment_status":"closed","ping_status":"closed","template":"","meta":{"_et_pb_use_builder":"on","_et_pb_old_content":"","_et_gb_content_width":"","_monsterinsights_skip_tracking":false,"_monsterinsights_sitenote_active":false,"_monsterinsights_sitenote_note":"","_monsterinsights_sitenote_category":0,"footnotes":""},"class_list":["post-45","page","type-page","status-publish","has-post-thumbnail","hentry"],"aioseo_notices":[],"_links":{"self":[{"href":"https:\/\/www.enacif.unam.mx\/index.php?rest_route=\/wp\/v2\/pages\/45","targetHints":{"allow":["GET"]}}],"collection":[{"href":"https:\/\/www.enacif.unam.mx\/index.php?rest_route=\/wp\/v2\/pages"}],"about":[{"href":"https:\/\/www.enacif.unam.mx\/index.php?rest_route=\/wp\/v2\/types\/page"}],"author":[{"embeddable":true,"href":"https:\/\/www.enacif.unam.mx\/index.php?rest_route=\/wp\/v2\/users\/2"}],"replies":[{"embeddable":true,"href":"https:\/\/www.enacif.unam.mx\/index.php?rest_route=%2Fwp%2Fv2%2Fcomments&post=45"}],"version-history":[{"count":26,"href":"https:\/\/www.enacif.unam.mx\/index.php?rest_route=\/wp\/v2\/pages\/45\/revisions"}],"predecessor-version":[{"id":11227,"href":"https:\/\/www.enacif.unam.mx\/index.php?rest_route=\/wp\/v2\/pages\/45\/revisions\/11227"}],"wp:featuredmedia":[{"embeddable":true,"href":"https:\/\/www.enacif.unam.mx\/index.php?rest_route=\/wp\/v2\/media\/1982"}],"wp:attachment":[{"href":"https:\/\/www.enacif.unam.mx\/index.php?rest_route=%2Fwp%2Fv2%2Fmedia&parent=45"}],"curies":[{"name":"wp","href":"https:\/\/api.w.org\/{rel}","templated":true}]}}