{"id":6501,"date":"2020-06-26T21:03:31","date_gmt":"2020-06-26T21:03:31","guid":{"rendered":"http:\/\/www.cienciaforense.facmed.unam.mx\/?page_id=6501"},"modified":"2024-11-20T22:06:37","modified_gmt":"2024-11-20T22:06:37","slug":"seminario-de-la-licenciatura-en-ciencia-forense","status":"publish","type":"page","link":"https:\/\/www.enacif.unam.mx\/?page_id=6501","title":{"rendered":"Seminario de la Licenciatura en Ciencia Forense"},"content":{"rendered":"<p>[et_pb_section fb_built=\u00bb1&#8243; admin_label=\u00bbsection\u00bb _builder_version=\u00bb4.16&#8243; global_colors_info=\u00bb{}\u00bb][et_pb_row admin_label=\u00bbrow\u00bb _builder_version=\u00bb4.16&#8243; background_size=\u00bbinitial\u00bb background_position=\u00bbtop_left\u00bb background_repeat=\u00bbrepeat\u00bb global_colors_info=\u00bb{}\u00bb][et_pb_column type=\u00bb4_4&#8243; _builder_version=\u00bb4.16&#8243; custom_padding=\u00bb|||\u00bb global_colors_info=\u00bb{}\u00bb custom_padding__hover=\u00bb|||\u00bb][et_pb_post_title meta=\u00bboff\u00bb featured_image=\u00bboff\u00bb _builder_version=\u00bb4.19.2&#8243; hover_enabled=\u00bb0&#8243; global_colors_info=\u00bb{}\u00bb title_font=\u00bb|700|||||||\u00bb sticky_enabled=\u00bb0&#8243;][\/et_pb_post_title][et_pb_text admin_label=\u00bbText\u00bb _builder_version=\u00bb4.16&#8243; background_size=\u00bbinitial\u00bb background_position=\u00bbtop_left\u00bb background_repeat=\u00bbrepeat\u00bb global_colors_info=\u00bb{}\u00bb]<strong>OBJETIVO:<\/strong>\u00a0Reunir a reconocidos cient\u00edficos, investigadores y docentes de diferente formaci\u00f3n, cuyo inter\u00e9s converge en el \u00e1rea de las ciencias forenses, para discutir temas inherentes y generar conocimiento innovador en dicha \u00e1rea.<\/p>\n<p><strong>DIN\u00c1MICA:<\/strong>\u00a0Las reuniones se llevan a cabo mensualmente desde septiembre del 2013. Un especialista en alguna de las \u00e1reas que convergen con la ciencia forense expone un tema y se genera una discusi\u00f3n desde la perspectiva de los diferentes especialistas que forman parte del Seminario.<br \/>\n[\/et_pb_text][et_pb_blog fullwidth=\u00bboff\u00bb include_categories=\u00bb27&#8243; show_more=\u00bbon\u00bb show_author=\u00bboff\u00bb _builder_version=\u00bb4.16&#8243; global_colors_info=\u00bb{}\u00bb][\/et_pb_blog][\/et_pb_column][\/et_pb_row][\/et_pb_section]<\/p>\n","protected":false},"excerpt":{"rendered":"<p>OBJETIVO:\u00a0Reunir a reconocidos cient\u00edficos, investigadores y docentes de diferente formaci\u00f3n, cuyo inter\u00e9s converge en el \u00e1rea de las ciencias forenses, para discutir temas inherentes y generar conocimiento innovador en dicha \u00e1rea. DIN\u00c1MICA:\u00a0Las reuniones se llevan a cabo mensualmente desde septiembre del 2013. Un especialista en alguna de las \u00e1reas que convergen con la ciencia forense [&hellip;]<\/p>\n","protected":false},"author":2,"featured_media":0,"parent":0,"menu_order":0,"comment_status":"closed","ping_status":"closed","template":"","meta":{"_et_pb_use_builder":"on","_et_pb_old_content":"","_et_gb_content_width":"","_monsterinsights_skip_tracking":false,"_monsterinsights_sitenote_active":false,"_monsterinsights_sitenote_note":"","_monsterinsights_sitenote_category":0,"footnotes":""},"class_list":["post-6501","page","type-page","status-publish","hentry"],"aioseo_notices":[],"_links":{"self":[{"href":"https:\/\/www.enacif.unam.mx\/index.php?rest_route=\/wp\/v2\/pages\/6501","targetHints":{"allow":["GET"]}}],"collection":[{"href":"https:\/\/www.enacif.unam.mx\/index.php?rest_route=\/wp\/v2\/pages"}],"about":[{"href":"https:\/\/www.enacif.unam.mx\/index.php?rest_route=\/wp\/v2\/types\/page"}],"author":[{"embeddable":true,"href":"https:\/\/www.enacif.unam.mx\/index.php?rest_route=\/wp\/v2\/users\/2"}],"replies":[{"embeddable":true,"href":"https:\/\/www.enacif.unam.mx\/index.php?rest_route=%2Fwp%2Fv2%2Fcomments&post=6501"}],"version-history":[{"count":7,"href":"https:\/\/www.enacif.unam.mx\/index.php?rest_route=\/wp\/v2\/pages\/6501\/revisions"}],"predecessor-version":[{"id":9968,"href":"https:\/\/www.enacif.unam.mx\/index.php?rest_route=\/wp\/v2\/pages\/6501\/revisions\/9968"}],"wp:attachment":[{"href":"https:\/\/www.enacif.unam.mx\/index.php?rest_route=%2Fwp%2Fv2%2Fmedia&parent=6501"}],"curies":[{"name":"wp","href":"https:\/\/api.w.org\/{rel}","templated":true}]}}