{"id":7606,"date":"2022-07-26T02:40:11","date_gmt":"2022-07-26T02:40:11","guid":{"rendered":"http:\/\/www.cienciaforense.facmed.unam.mx\/?page_id=7606"},"modified":"2022-07-26T02:42:39","modified_gmt":"2022-07-26T02:42:39","slug":"articulos-de-las-areas-afines-a-la-criminalistica-fisica-y-matematicas","status":"publish","type":"page","link":"https:\/\/www.enacif.unam.mx\/?page_id=7606","title":{"rendered":"Art\u00edculos de las \u00e1reas afines a la Criminal\u00edstica, F\u00edsica y Matem\u00e1ticas."},"content":{"rendered":"<p>[et_pb_section fb_built=\u00bb1&#8243; admin_label=\u00bbsection\u00bb _builder_version=\u00bb3.0.47&#8243;][et_pb_row admin_label=\u00bbrow\u00bb _builder_version=\u00bb3.0.47&#8243; background_size=\u00bbinitial\u00bb background_position=\u00bbtop_left\u00bb background_repeat=\u00bbrepeat\u00bb][et_pb_column type=\u00bb4_4&#8243; _builder_version=\u00bb3.0.47&#8243; parallax=\u00bboff\u00bb parallax_method=\u00bbon\u00bb][et_pb_text admin_label=\u00bbText\u00bb _builder_version=\u00bb3.3.1&#8243; background_size=\u00bbinitial\u00bb background_position=\u00bbtop_left\u00bb background_repeat=\u00bbrepeat\u00bb]\t\t\t\t[\/et_pb_text][et_pb_post_title meta=\u00bboff\u00bb featured_image=\u00bboff\u00bb _builder_version=\u00bb3.3.1&#8243;][\/et_pb_post_title][et_pb_text admin_label=\u00bbText\u00bb _builder_version=\u00bb3.3.1&#8243; background_size=\u00bbinitial\u00bb background_position=\u00bbtop_left\u00bb background_repeat=\u00bbrepeat\u00bb]\t\t\t\t[\/et_pb_text][et_pb_blog fullwidth=\u00bboff\u00bb include_categories=\u00bb34&#8243; show_author=\u00bboff\u00bb show_date=\u00bboff\u00bb show_categories=\u00bboff\u00bb _builder_version=\u00bb3.3.1&#8243;][\/et_pb_blog][et_pb_text admin_label=\u00bbText\u00bb _builder_version=\u00bb3.3.1&#8243; background_size=\u00bbinitial\u00bb background_position=\u00bbtop_left\u00bb background_repeat=\u00bbrepeat\u00bb]\t\t\t\t[\/et_pb_text][\/et_pb_column][\/et_pb_row][\/et_pb_section]<\/p>\n","protected":false},"excerpt":{"rendered":"","protected":false},"author":2,"featured_media":0,"parent":0,"menu_order":0,"comment_status":"closed","ping_status":"closed","template":"","meta":{"_et_pb_use_builder":"on","_et_pb_old_content":"","_et_gb_content_width":"","_monsterinsights_skip_tracking":false,"_monsterinsights_sitenote_active":false,"_monsterinsights_sitenote_note":"","_monsterinsights_sitenote_category":0,"footnotes":""},"class_list":["post-7606","page","type-page","status-publish","hentry"],"aioseo_notices":[],"_links":{"self":[{"href":"https:\/\/www.enacif.unam.mx\/index.php?rest_route=\/wp\/v2\/pages\/7606","targetHints":{"allow":["GET"]}}],"collection":[{"href":"https:\/\/www.enacif.unam.mx\/index.php?rest_route=\/wp\/v2\/pages"}],"about":[{"href":"https:\/\/www.enacif.unam.mx\/index.php?rest_route=\/wp\/v2\/types\/page"}],"author":[{"embeddable":true,"href":"https:\/\/www.enacif.unam.mx\/index.php?rest_route=\/wp\/v2\/users\/2"}],"replies":[{"embeddable":true,"href":"https:\/\/www.enacif.unam.mx\/index.php?rest_route=%2Fwp%2Fv2%2Fcomments&post=7606"}],"version-history":[{"count":4,"href":"https:\/\/www.enacif.unam.mx\/index.php?rest_route=\/wp\/v2\/pages\/7606\/revisions"}],"predecessor-version":[{"id":7611,"href":"https:\/\/www.enacif.unam.mx\/index.php?rest_route=\/wp\/v2\/pages\/7606\/revisions\/7611"}],"wp:attachment":[{"href":"https:\/\/www.enacif.unam.mx\/index.php?rest_route=%2Fwp%2Fv2%2Fmedia&parent=7606"}],"curies":[{"name":"wp","href":"https:\/\/api.w.org\/{rel}","templated":true}]}}