{"id":7797,"date":"2022-11-24T03:05:57","date_gmt":"2022-11-24T03:05:57","guid":{"rendered":"http:\/\/www.cienciaforense.facmed.unam.mx\/?page_id=7797"},"modified":"2024-07-03T18:16:55","modified_gmt":"2024-07-03T18:16:55","slug":"protocolos-basados-en-evidencia-para-la-busqueda-de-personas-desaparecidas","status":"publish","type":"page","link":"https:\/\/www.enacif.unam.mx\/?page_id=7797","title":{"rendered":"Libro: Protocolos Basados\u00a0en Evidencia para la B\u00fasqueda de Personas Desaparecidas"},"content":{"rendered":"\n[et_pb_section fb_built=\u00bb1&#8243; admin_label=\u00bbsection\u00bb _builder_version=\u00bb3.0.47&#8243;][et_pb_row admin_label=\u00bbrow\u00bb _builder_version=\u00bb3.0.47&#8243; background_size=\u00bbinitial\u00bb background_position=\u00bbtop_left\u00bb background_repeat=\u00bbrepeat\u00bb][et_pb_column type=\u00bb4_4&#8243; _builder_version=\u00bb3.0.47&#8243; parallax=\u00bboff\u00bb parallax_method=\u00bbon\u00bb][et_pb_text admin_label=\u00bbText\u00bb _builder_version=\u00bb3.3.1&#8243; background_size=\u00bbinitial\u00bb background_position=\u00bbtop_left\u00bb background_repeat=\u00bbrepeat\u00bb]<h1 style=\"text-align: center;\"><span style=\"color: #0c71c3;\"><strong>Protocolos Basados\u00a0en Evidencia para la B\u00fasqueda de Personas Desaparecidas<\/strong><\/span><\/h1>[\/et_pb_text][\/et_pb_column][\/et_pb_row][et_pb_row _builder_version=\u00bb3.3.1&#8243;][et_pb_column type=\u00bb1_4&#8243; _builder_version=\u00bb3.3.1&#8243; parallax=\u00bboff\u00bb parallax_method=\u00bbon\u00bb][et_pb_image src=\u00bbhttp:\/\/www.cienciaforense.facmed.unam.mx\/wp-content\/uploads\/2022\/11\/PortadaProtocoloBusqueda_page-0001.jpg\u00bb url=\u00bbhttps:\/\/laofunam.files.wordpress.com\/2022\/08\/quinto-sanchezcoord_guiabusca_20221.pdf\u00bb align=\u00bbcenter\u00bb _builder_version=\u00bb3.3.1&#8243; box_shadow_style=\u00bbpreset2&#8243; box_shadow_color=\u00bb#000000&#8243; animation_style=\u00bbfade\u00bb][\/et_pb_image][et_pb_button button_url=\u00bbhttps:\/\/laofunam.files.wordpress.com\/2022\/08\/quinto-sanchezcoord_guiabusca_20221.pdf\u00bb button_text=\u00bbDescarga PDF (28 MB)\u00bb button_alignment=\u00bbcenter\u00bb _builder_version=\u00bb3.3.1&#8243; custom_button=\u00bbon\u00bb button_text_size=\u00bb15px\u00bb button_font=\u00bb||||||||\u00bb box_shadow_style=\u00bbpreset1&#8243; animation_style=\u00bbfade\u00bb]<span style=\"color: #0c71c3;\"><strong>ISBN<\/strong><\/span>\n\n978-607-30-6952-6[\/et_pb_button][et_pb_text _builder_version=\u00bb3.3.1&#8243;]<p><span style=\"color: #0c71c3;\"><strong>ISBN<\/strong><\/span><\/p>\n<p>9786073060530<\/p>\n<p><span style=\"color: #0c71c3;\"><strong>A\u00d1O DE PUBLICACI\u00d3N<\/strong><\/span><\/p>\n<p>2022<\/p>\n<p><span style=\"color: #0c71c3;\"><strong>LICENCIA DE LA OBRA<\/strong><\/span><\/p>\n<p><span style=\"font-size: 14px;\"><a href=\"https:\/\/creativecommons.org\/licenses\/by-nc-sa\/4.0\/\">Attribution-NonCommercial-ShareAlike 4.0 International (CC BY-NC-SA 4.0)<\/a><\/span><\/p>[\/et_pb_text][et_pb_image src=\u00bbhttp:\/\/www.cienciaforense.facmed.unam.mx\/wp-content\/uploads\/2022\/11\/CreativeCommons4.png\u00bb align=\u00bbcenter\u00bb _builder_version=\u00bb3.3.1&#8243;][\/et_pb_image][\/et_pb_column][et_pb_column type=\u00bb3_4&#8243; _builder_version=\u00bb3.3.1&#8243; parallax=\u00bboff\u00bb parallax_method=\u00bbon\u00bb][et_pb_text _builder_version=\u00bb3.3.1&#8243;]<p><span style=\"color: #0c71c3;\"><strong>COORDINADOR<\/strong><\/span><\/p>\n<p>Mirsha Qu\u00ednto-S\u00e1nchez<\/p>\n<p><span style=\"color: #0c71c3;\"><strong>RESUMEN<\/strong><\/span><\/p>\n<p style=\"text-align: justify;\"><span>Los Protocolos basados en evidencia para la b\u00fasqueda de personas desaparecidas son una contribuci\u00f3n que la Licenciatura en Ciencia Forense (LCF) de la Facultad de Medicina de la UNAM publica como una acci\u00f3n de mitigaci\u00f3n a la emergencia forense que vive M\u00e9xico. Con una metodolog\u00eda reivindicativa de los modelos basados en evidencia (MBE) se genera una gu\u00eda modular integrada, inicialmente, por cuatro protocolos para la praxis forense de la b\u00fasqueda de personas desaparecidas. Se propone entonces el concepto de ciencia forense basada en evidencia (CFBE) integrando: la mejor evidencia cient\u00edfica disponible, la experiencia de los peritos o investigadores y las preferencias o aportes de los familiares de desaparecidos. La LCF ha enfocado la presente publicaci\u00f3n en revisi\u00f3n sistem\u00e1tica y an\u00e1lisis de la evidencia cient\u00edfica sobre cada protocolo incluido en la presente. Es as\u00ed como esta versi\u00f3n se construye con una visi\u00f3n de filosof\u00eda de la praxis y como una herramienta de emancipaci\u00f3n de la praxis forense, de profesionales, acad\u00e9micos y familiares de v\u00edctimas.<\/span><\/p>\n<p style=\"text-align: justify;\"><span style=\"color: #0c71c3;\"><strong>TEMAS<\/strong><\/span><\/p>\n<p style=\"text-align: justify;\">Ciencia forense basada en evidencia | B\u00fasqueda de personas | Desaparici\u00f3n forzada.<\/p>[\/et_pb_text][\/et_pb_column][\/et_pb_row][\/et_pb_section]\n","protected":false},"excerpt":{"rendered":"<p>Protocolos Basados\u00a0en Evidencia para la B\u00fasqueda de Personas DesaparecidasISBN 978-607-30-6952-6ISBN 9786073060530 A\u00d1O DE PUBLICACI\u00d3N 2022 LICENCIA DE LA OBRA Attribution-NonCommercial-ShareAlike 4.0 International (CC BY-NC-SA 4.0)COORDINADOR Mirsha Qu\u00ednto-S\u00e1nchez RESUMEN Los Protocolos basados en evidencia para la b\u00fasqueda de personas desaparecidas son una contribuci\u00f3n que la Licenciatura en Ciencia Forense (LCF) de la Facultad de Medicina de [&hellip;]<\/p>\n","protected":false},"author":2,"featured_media":0,"parent":0,"menu_order":0,"comment_status":"closed","ping_status":"closed","template":"","meta":{"_et_pb_use_builder":"on","_et_pb_old_content":"","_et_gb_content_width":"","_monsterinsights_skip_tracking":false,"_monsterinsights_sitenote_active":false,"_monsterinsights_sitenote_note":"","_monsterinsights_sitenote_category":0,"footnotes":""},"class_list":["post-7797","page","type-page","status-publish","hentry"],"aioseo_notices":[],"_links":{"self":[{"href":"https:\/\/www.enacif.unam.mx\/index.php?rest_route=\/wp\/v2\/pages\/7797","targetHints":{"allow":["GET"]}}],"collection":[{"href":"https:\/\/www.enacif.unam.mx\/index.php?rest_route=\/wp\/v2\/pages"}],"about":[{"href":"https:\/\/www.enacif.unam.mx\/index.php?rest_route=\/wp\/v2\/types\/page"}],"author":[{"embeddable":true,"href":"https:\/\/www.enacif.unam.mx\/index.php?rest_route=\/wp\/v2\/users\/2"}],"replies":[{"embeddable":true,"href":"https:\/\/www.enacif.unam.mx\/index.php?rest_route=%2Fwp%2Fv2%2Fcomments&post=7797"}],"version-history":[{"count":7,"href":"https:\/\/www.enacif.unam.mx\/index.php?rest_route=\/wp\/v2\/pages\/7797\/revisions"}],"predecessor-version":[{"id":9477,"href":"https:\/\/www.enacif.unam.mx\/index.php?rest_route=\/wp\/v2\/pages\/7797\/revisions\/9477"}],"wp:attachment":[{"href":"https:\/\/www.enacif.unam.mx\/index.php?rest_route=%2Fwp%2Fv2%2Fmedia&parent=7797"}],"curies":[{"name":"wp","href":"https:\/\/api.w.org\/{rel}","templated":true}]}}