{"id":5256,"date":"2018-08-29T21:49:23","date_gmt":"2018-08-29T21:49:23","guid":{"rendered":"http:\/\/www.cienciaforense.facmed.unam.mx\/redtematica\/?page_id=5256"},"modified":"2019-10-28T22:06:06","modified_gmt":"2019-10-28T22:06:06","slug":"principal","status":"publish","type":"page","link":"https:\/\/www.enacif.unam.mx\/redtematica\/","title":{"rendered":"Principal"},"content":{"rendered":"<p>[et_pb_section fb_built=\u00bb1&#8243; fullwidth=\u00bbon\u00bb _builder_version=\u00bb3.3.1&#8243; custom_padding=\u00bb0|0px|0|0px|false|false\u00bb][et_pb_fullwidth_post_slider posts_number=\u00bb3&#8243; include_categories=\u00bb32&#8243; more_text=\u00bbLeer m\u00e1s\u00bb show_meta=\u00bboff\u00bb image_placement=\u00bbleft\u00bb _builder_version=\u00bb3.3.1&#8243; body_font=\u00bb||||||||\u00bb meta_font=\u00bb||||||||\u00bb custom_margin=\u00bb-43px|3px|0px|0px\u00bb custom_padding=\u00bb58px||0px|\u00bb][\/et_pb_fullwidth_post_slider][\/et_pb_section][et_pb_section fb_built=\u00bb1&#8243; _builder_version=\u00bb3.3.1&#8243; custom_padding=\u00bb0|0px|0|0px|false|false\u00bb][et_pb_row custom_padding=\u00bb27px|0px|0|0px|false|false\u00bb _builder_version=\u00bb3.3.1&#8243;][et_pb_column type=\u00bb1_3&#8243; _builder_version=\u00bb3.0.47&#8243; parallax=\u00bboff\u00bb parallax_method=\u00bbon\u00bb][et_pb_text _builder_version=\u00bb3.3.1&#8243; text_font=\u00bb||||||||\u00bb header_font=\u00bb|800|||||||\u00bb]<\/p>\n<h1 style=\"text-align: center;\"><strong><span style=\"color: #0c71c3;\">NUESTRA MISI\u00d3N<\/span>\u00a0<\/strong><\/h1>\n<p>&nbsp;<\/p>\n<p style=\"text-align: justify;\">Promover la vinculaci\u00f3n y cooperaci\u00f3n entre instituciones nacionales con inter\u00e9s docente, de investigaci\u00f3n y\/o de ejercicio profesional en las diversas \u00e1reas forenses, con la finalidad de fortalecer la generaci\u00f3n, aplicaci\u00f3n y difusi\u00f3n del conocimiento enfocado en la resoluci\u00f3n de problemas nacionales relacionados con el ejercicio t\u00e9cnico y cient\u00edfico forense con la colaboraci\u00f3n de instituciones internacionales.<\/p>\n<p>[\/et_pb_text][\/et_pb_column][et_pb_column type=\u00bb1_3&#8243; _builder_version=\u00bb3.0.47&#8243; parallax=\u00bboff\u00bb parallax_method=\u00bbon\u00bb][et_pb_text _builder_version=\u00bb3.3.1&#8243; text_font=\u00bb||||||||\u00bb header_font=\u00bb|800|||||||\u00bb]<\/p>\n<h1 style=\"text-align: center;\"><strong><span style=\"color: #0c71c3;\">NUESTRA VISI\u00d3N<\/span>\u00a0<\/strong><\/h1>\n<p style=\"text-align: justify;\">Fomentar <span>la vinculaci\u00f3n y cooperaci\u00f3n entre los diferentes sectores que intervienen en las ciencias forenses, con la finalidad de promover la generaci\u00f3n de conocimiento, su aplicaci\u00f3n y desarrollo de nuevas tecnolog\u00edas; impulsar\u00e1 la evoluci\u00f3n de las disciplinas forenses en beneficio de la sociedad.<\/span><\/p>\n<p>[\/et_pb_text][\/et_pb_column][et_pb_column type=\u00bb1_3&#8243; _builder_version=\u00bb3.0.47&#8243; parallax=\u00bboff\u00bb parallax_method=\u00bbon\u00bb][et_pb_text _builder_version=\u00bb3.3.1&#8243; text_font=\u00bb||||||||\u00bb header_font=\u00bb|800|||||||\u00bb]<\/p>\n<h1 style=\"text-align: center;\"><strong><span style=\"color: #0c71c3;\">NUESTRO OBJETIVO<\/span>\u00a0<\/strong><\/h1>\n<p style=\"text-align: justify;\">Fortalecer la generaci\u00f3n, aplicaci\u00f3n y difusi\u00f3n del conocimiento para la resoluci\u00f3n de problemas nacionales relacionados con el ejercicio t\u00e9cnico y cient\u00edfico forense, en el \u00e1mbito de la procuraci\u00f3n y administraci\u00f3n de justicia. La Red Tem\u00e1tica en Ciencias Forenses es un grupo de trabajo interdisciplinario y multisectorial impulsado desde la Licenciatura en Ciencia Forense de la UNAM para generar y difundir conocimiento interdisciplinario en las diferentes vertientes de la ciencia forense.<\/p>\n<p>[\/et_pb_text][\/et_pb_column][\/et_pb_row][et_pb_row custom_padding=\u00bb25.25px|0px|12px|0px|false|false\u00bb _builder_version=\u00bb3.3.1&#8243;][et_pb_column type=\u00bb4_4&#8243; _builder_version=\u00bb3.0.47&#8243; parallax=\u00bboff\u00bb parallax_method=\u00bbon\u00bb][et_pb_accordion open_toggle_background_color=\u00bb#ffffff\u00bb _builder_version=\u00bb3.3.1&#8243; toggle_level=\u00bbh1&#8243; toggle_font=\u00bb|800|||||||\u00bb toggle_text_color=\u00bb#0c71c3&#8243;][et_pb_accordion_item title=\u00bbEXPECTATIVAS DE LA RED\u00bb open=\u00bbon\u00bb _builder_version=\u00bb3.3.1&#8243; title_text_shadow_horizontal_length=\u00bb0em\u00bb title_text_shadow_vertical_length=\u00bb0em\u00bb title_text_shadow_blur_strength=\u00bb0em\u00bb body_text_shadow_horizontal_length=\u00bb0em\u00bb body_text_shadow_vertical_length=\u00bb0em\u00bb body_text_shadow_blur_strength=\u00bb0em\u00bb text_orientation=\u00bbcenter\u00bb]<\/p>\n<p style=\"text-align: justify;\">Dar continuidad al objeto de la red tem\u00e1tica, sus actividades referentes a l\u00edneas de investigaci\u00f3n y la incorporaci\u00f3n de nuevos miembros para que en su conjunto se aporte a las investigaciones de las ciencias forenses.<\/p>\n<p><iframe loading=\"lazy\" src=\"https:\/\/www.youtube.com\/embed\/ZjJWRimuqro?rel=0\" width=\"320\" height=\"240\" frameborder=\"0\" allowfullscreen=\"allowfullscreen\"><\/iframe>[\/et_pb_accordion_item][et_pb_accordion_item title=\u00bbLOGROS\u00bb open=\u00bboff\u00bb _builder_version=\u00bb3.3.1&#8243; title_text_shadow_horizontal_length=\u00bb0em\u00bb title_text_shadow_vertical_length=\u00bb0em\u00bb title_text_shadow_blur_strength=\u00bb0em\u00bb body_text_shadow_horizontal_length=\u00bb0em\u00bb body_text_shadow_vertical_length=\u00bb0em\u00bb body_text_shadow_blur_strength=\u00bb0em\u00bb text_orientation=\u00bbcenter\u00bb]<\/p>\n<p id=\"u18994-2\" style=\"text-align: justify;\">En nuestro pa\u00eds, los hechos delictuosos representan un problema p\u00fablico que aumenta y evoluciona de forma compleja. La atenci\u00f3n a un problema multifactorial como \u00e9ste recae, principalmente, en los \u00f3rganos encargados de procurar y administrar justicia, que a su vez requieren tanto de recursos humanos especializados en las disciplinas forenses, como de nuevos conocimientos, m\u00e9todos, t\u00e9cnicas, instrumentos y metodolog\u00edas. En M\u00e9xico, las instituciones acad\u00e9micas, tatno de gobierno como sociales, que trabajan en la investigaci\u00f3n, formaci\u00f3n de recursos humanos y aplicaci\u00f3n de las ciencias forenses, lo hacen de manera aislada. Es por esto que en el 2016 surge la iniciativa encabezada por la Licenciatura en Ciencia Forense, Facultad de Medicina, Universidad Nacional Aut\u00f3noma de M\u00e9xico (UNAM),\u00a0 para conformar la Red Tem\u00e1tica de Ciencias Forenses con el objetivo de promover y fortalecer las \u00e1reas de Investigaci\u00f3n, Docencia, Capacitaci\u00f3n y Difusi\u00f3n del conocimiento de los temas cient\u00edficos, tecnol\u00f3gicos y sociales propios del \u00e1mbito forense, con la finalidad de vincular a la academia, el gobierno (instituciones encargadas de administrar e impartir justicias) y a la sociedad (organizaciones no gubernamentales).<\/p>\n<p id=\"u18994-4\" style=\"text-align: justify;\">La Red de Tem\u00e1tica de Ciencia Forense fue aprobada por Consejo Nacional de Ciencia y Tecnolog\u00eda (CONACyT) en su convocatoria 2016. Como primer paso se procedi\u00f3 al reclutamiento de profesionistas nacionales e internacionales relacionados con las ciencias forenses y la elaboraci\u00f3n de un primer diagn\u00f3stico de las ciencias forenses en M\u00e9xico desde las perspectivas de la investigaci\u00f3n, la docencia y los servicios. En la reuni\u00f3n de conformaci\u00f3n de esta red, un conjunto de investigadores, servidores p\u00fablicos, docentes y especialistas tuvieron un foro de discusi\u00f3n que result\u00f3 en la formaci\u00f3n de equipos multidisciplinarios, la identificaci\u00f3n de \u00e1reas de oportunidad que se convertir\u00eda en un cat\u00e1logo de proyectos, iniciativas para favorecer la movilidad acad\u00e9mica, realizar actividades de vinculaci\u00f3n y la asignaci\u00f3n de recursos para la difusi\u00f3n del trabajo de la red. Actualmente contamos con 120 miembros, el 82% de ellos est\u00e1n distribuidos en el territorio nacional y el resto en entidades acad\u00e9micas extranjeras. El 33% pertenece al Sistema Nacional de investigadores (SNI) representando las \u00e1reas: Ciencias Sociales, Biolog\u00eda y Qu\u00edmica, Medicina y Ciencias de la Salud, Humanidades y Ciencias de la Conducta, Ciencias F\u00edsico Matem\u00e1ticas y Ciencias de la Tierra.<\/p>\n<p id=\"u18994-6\" style=\"text-align: justify;\">Como resultado de los trabajos del primer a\u00f1o, logramos la elaboraci\u00f3n de un primer diagn\u00f3stico del estado actual las ciencias forenses en M\u00e9xico que publicamos en el libro Estado del Arte de las Ciencias Forenses en M\u00e9xico con la editorial Tirant lo Blanch como parte de la colecci\u00f3n \u201cDerecho y\u2026\u201d que dirige uno de los miembros de la Red. Gracias a los resultados de estas actividades se pudieron establecer las estrategias para desarrollar los proyectos que se plantean como parte del plan de trabajo 2017 para esta Red. Nuestros principales logros durante el 2016 fueron la conformaci\u00f3n de un directorio actualizado de investigadores, docentes, servidores p\u00fablicos y especialistas relacionados con las Ciencias Forenses; un cat\u00e1logo de infraestructura disponible para miembros de la red, un listado de entidades relacionadas con las ciencias forenses, una estancia acad\u00e9mica en progreso, una reuni\u00f3n de trabajo, 2 cursos, la edici\u00f3n de 3 libros ( incluido el estado del arte) y el apoyo a 5 actividades acad\u00e9micas como seminarios y conferencias. Finalmente, se logr\u00f3 la creaci\u00f3n de una p\u00e1gina Web que permitir\u00e1 la difusi\u00f3n de eventos, publicaciones y favorecer\u00e1 el la comunicaci\u00f3n con los miembros, as\u00ed como el reclutamiento de nuevos integrantes.<\/p>\n<p id=\"u18994-8\" style=\"text-align: justify;\">Durante el 2017 los principales logros alcanzados esta Red fueron la organizaci\u00f3n de la Reuni\u00f3n Anual de la propia Red en la que se interactu\u00f3 con representantes de otras 5 redes tem\u00e1ticas, la realizaci\u00f3n de 1 estancia acad\u00e9mica, 2 reuniones de trabajo de la Red, la inclusi\u00f3n de 29 nuevos miembros a la red, entre los que se encuentran personal del Laboratorio Nacional de Espectrometr\u00eda de Masas con Acelerador; la impartici\u00f3n de 2 cursos, la publicaci\u00f3n de 2 libros editados en 2016 y la edici\u00f3n de 2 libros m\u00e1s en este a\u00f1o; as\u00ed como la participaci\u00f3n en la Reuni\u00f3n Anual de redes. Se apoy\u00f3 en la organizaci\u00f3n de 10 eventos acad\u00e9micos en el que se destaca la organizaci\u00f3n del III Congreso de Ciencia Forense \u201cLa Ciencia Forense en M\u00e9xico hoy\u201d que cont\u00f3 con 3 Simposios, 9 plenarias, 6 mesas redondas y 3 cursos pre-congreso. Las ponencias del evento se pueden consultar a trav\u00e9s de la p\u00e1gina de la Red Tem\u00e1tica de Ciencias; asimismo se organizaron 13 actividades de difusi\u00f3n. Se cre\u00f3 el Seminario de Ense\u00f1anza de las Ciencias Forenses cuyo principal logro fue el desarrollo del Plan de estudios de la Licenciatura en Ciencias Forenses, del Centro Universitario de Tonal\u00e1 de la Universidad de Guadalajara, y se mantiene un proyecto de colaboraci\u00f3n con el Laboratorio Nacional De Espectrometr\u00eda de Masas con Aceleradores del cual se est\u00e1 por publicar un art\u00edculo que ya fue enviado y que se encuentra en revisi\u00f3n.<\/p>\n<p>[\/et_pb_accordion_item][\/et_pb_accordion][\/et_pb_column][\/et_pb_row][et_pb_row custom_padding=\u00bb3px|0px|4px|0px|false|false\u00bb _builder_version=\u00bb3.3.1&#8243; background_color=\u00bb#eaeaea\u00bb][et_pb_column type=\u00bb4_4&#8243; _builder_version=\u00bb3.0.47&#8243; parallax=\u00bboff\u00bb parallax_method=\u00bbon\u00bb][et_pb_text _builder_version=\u00bb3.3.1&#8243;]<\/p>\n<h1 style=\"text-align: center;\"><span style=\"color: #0c71c3;\"><strong>NUESTROS MIEMBROS\u00a0DE LA RED<\/strong><\/span><\/h1>\n<p style=\"text-align: center;\">Distribuci\u00f3n porcentual de los actores de la red que incluyen expertos, docentes, especialistas y recursos humanos en formaci\u00f3n acad\u00e9mica.<\/p>\n<p>[\/et_pb_text][\/et_pb_column][\/et_pb_row][et_pb_row custom_padding=\u00bb0|0px|5px|0px|false|false\u00bb _builder_version=\u00bb3.3.1&#8243; background_color=\u00bb#eaeaea\u00bb][et_pb_column type=\u00bb1_3&#8243; _builder_version=\u00bb3.0.47&#8243; parallax=\u00bboff\u00bb parallax_method=\u00bbon\u00bb][et_pb_number_counter title=\u00bbMiembros Investigadores\u00bb number=\u00bb73&#8243; _builder_version=\u00bb3.3.1&#8243; title_font=\u00bb|800|||||||\u00bb number_font=\u00bb||||||||\u00bb number_text_color=\u00bb#0c71c3&#8243;][\/et_pb_number_counter][\/et_pb_column][et_pb_column type=\u00bb1_3&#8243; _builder_version=\u00bb3.0.47&#8243; parallax=\u00bboff\u00bb parallax_method=\u00bbon\u00bb][et_pb_number_counter title=\u00bbMiembros No acad\u00e9micos\u00bb number=\u00bb18&#8243; _builder_version=\u00bb3.3.1&#8243; title_font=\u00bb|800|||||||\u00bb number_font=\u00bb||||||||\u00bb number_text_color=\u00bb#0c71c3&#8243;][\/et_pb_number_counter][\/et_pb_column][et_pb_column type=\u00bb1_3&#8243; _builder_version=\u00bb3.0.47&#8243; parallax=\u00bboff\u00bb parallax_method=\u00bbon\u00bb][et_pb_number_counter title=\u00bbMiembros Estudiantes\u00bb number=\u00bb9&#8243; _builder_version=\u00bb3.3.1&#8243; title_font=\u00bb|800|||||||\u00bb title_text_color=\u00bb#000000&#8243; number_font=\u00bb||||||||\u00bb number_text_color=\u00bb#0c71c3&#8243;][\/et_pb_number_counter][\/et_pb_column][\/et_pb_row][et_pb_row custom_padding=\u00bb1px|0px|8px|0px|false|false\u00bb _builder_version=\u00bb3.3.1&#8243;][et_pb_column type=\u00bb4_4&#8243; _builder_version=\u00bb3.0.47&#8243; parallax=\u00bboff\u00bb parallax_method=\u00bbon\u00bb][et_pb_text _builder_version=\u00bb3.3.1&#8243;]<\/p>\n<h1 style=\"text-align: center;\"><span style=\"color: #0c71c3;\"><strong>COMIT\u00c9 T\u00c9CNICO ACAD\u00c9MICO<\/strong><\/span><\/h1>\n<p style=\"text-align: center;\">El Comit\u00e9 T\u00e9cnico Acad\u00e9mico de la Red Tem\u00e1tica Ciencias Forenses est\u00e1 integrado por un panel de expertos, con amplia trayectoria en sus diversas disciplinas, funciona como \u00f3rgano colegiado y coordina las actividades de la Red.<\/p>\n<p>[\/et_pb_text][\/et_pb_column][\/et_pb_row][et_pb_row _builder_version=\u00bb3.3.1&#8243;][et_pb_column type=\u00bb1_3&#8243; _builder_version=\u00bb3.0.47&#8243; parallax=\u00bboff\u00bb parallax_method=\u00bbon\u00bb][et_pb_text _builder_version=\u00bb3.3.1&#8243; header_font=\u00bb||||||||\u00bb]<\/p>\n<p style=\"text-align: center;\"><strong><img loading=\"lazy\" decoding=\"async\" class=\"wp-image-5311 aligncenter size-full\" src=\"http:\/\/www.cienciaforense.facmed.unam.mx\/redtematica\/wp-content\/uploads\/2018\/08\/zoraidafoto.jpg\" alt=\"\" width=\"226\" height=\"127\" \/><\/strong><strong>DRA. ZORAIDA GARC\u00cdA CASTILLO<\/strong><\/p>\n<p style=\"text-align: center;\"><span style=\"font-size: 14px;\">Responsable T\u00e9cnico de la Red Tem\u00e1tica<\/span><span style=\"font-size: 14px;\">.<\/span><\/p>\n<p>[\/et_pb_text][et_pb_text _builder_version=\u00bb3.3.1&#8243; header_font=\u00bb||||||||\u00bb]<\/p>\n<p style=\"text-align: center;\"><strong><img loading=\"lazy\" decoding=\"async\" class=\"wp-image-5309 aligncenter size-full\" src=\"http:\/\/www.cienciaforense.facmed.unam.mx\/redtematica\/wp-content\/uploads\/2018\/08\/hector.jpg\" alt=\"\" width=\"226\" height=\"127\" \/>DR. H\u00c9CTOR RANGEL VILLALOBOS<\/strong><\/p>\n<p style=\"text-align: center;\">Miembro del Comit\u00e9 T\u00e9cnico Acad\u00e9mico.<\/p>\n<p>[\/et_pb_text][\/et_pb_column][et_pb_column type=\u00bb1_3&#8243; _builder_version=\u00bb3.0.47&#8243; parallax=\u00bboff\u00bb parallax_method=\u00bbon\u00bb][et_pb_text _builder_version=\u00bb3.3.1&#8243; header_font=\u00bb||||||||\u00bb]<\/p>\n<p style=\"text-align: center;\"><strong><img loading=\"lazy\" decoding=\"async\" class=\"wp-image-5306 aligncenter size-full\" src=\"http:\/\/www.cienciaforense.facmed.unam.mx\/redtematica\/wp-content\/uploads\/2018\/08\/mariaelenafoto.jpg\" alt=\"\" width=\"226\" height=\"127\" \/><\/strong><strong>DRA. MAR\u00cdA ELENA BRAVO G\u00d3MEZ<\/strong><\/p>\n<p style=\"text-align: center;\">Miembro del Comit\u00e9 T\u00e9cnico Acad\u00e9mico.<\/p>\n<p>[\/et_pb_text][et_pb_text _builder_version=\u00bb3.3.1&#8243; header_font=\u00bb||||||||\u00bb]<\/p>\n<p style=\"text-align: center;\"><strong><img loading=\"lazy\" decoding=\"async\" class=\"wp-image-5308 aligncenter size-full\" src=\"http:\/\/www.cienciaforense.facmed.unam.mx\/redtematica\/wp-content\/uploads\/2018\/08\/eduardofoto.jpg\" alt=\"\" width=\"226\" height=\"127\" \/><\/strong><strong>DR. EDUARDO P\u00c9REZ CAMPOS<\/strong><\/p>\n<p style=\"text-align: center;\">Miembro del Comit\u00e9 T\u00e9cnico Acad\u00e9mico.<\/p>\n<p>[\/et_pb_text][\/et_pb_column][et_pb_column type=\u00bb1_3&#8243; _builder_version=\u00bb3.0.47&#8243; parallax=\u00bboff\u00bb parallax_method=\u00bbon\u00bb][et_pb_text _builder_version=\u00bb3.3.1&#8243; header_font=\u00bb||||||||\u00bb]<\/p>\n<p style=\"text-align: center;\"><strong><img loading=\"lazy\" decoding=\"async\" class=\"wp-image-5310 aligncenter size-full\" src=\"http:\/\/www.cienciaforense.facmed.unam.mx\/redtematica\/wp-content\/uploads\/2018\/08\/karla.jpg\" alt=\"\" width=\"226\" height=\"127\" \/><\/strong><strong>DRA. KARLA VILLAREAL SOTELO<\/strong><\/p>\n<p style=\"text-align: center;\">Miembro del Comit\u00e9 T\u00e9cnico Acad\u00e9mico.<\/p>\n<p>[\/et_pb_text][et_pb_text _builder_version=\u00bb3.3.1&#8243; header_font=\u00bb||||||||\u00bb]<\/p>\n<p style=\"text-align: center;\"><strong><img loading=\"lazy\" decoding=\"async\" class=\"wp-image-5307 aligncenter size-full\" src=\"http:\/\/www.cienciaforense.facmed.unam.mx\/redtematica\/wp-content\/uploads\/2018\/08\/onofrefoto.jpg\" alt=\"\" width=\"226\" height=\"127\" \/><\/strong><\/p>\n<p style=\"text-align: center;\"><strong>DR. ONOFRE MU\u00d1OZ HERN\u00c1NDEZ<\/strong><\/p>\n<p style=\"text-align: center;\">Miembro del Comit\u00e9 T\u00e9cnico Acad\u00e9mico.<\/p>\n<p>[\/et_pb_text][\/et_pb_column][\/et_pb_row][et_pb_row custom_padding=\u00bb0|0px|0|0px|false|false\u00bb _builder_version=\u00bb3.3.1&#8243; background_color=\u00bb#eaeaea\u00bb][et_pb_column type=\u00bb4_4&#8243; _builder_version=\u00bb3.0.47&#8243; parallax=\u00bboff\u00bb parallax_method=\u00bbon\u00bb][et_pb_text _builder_version=\u00bb3.3.1&#8243;]<\/p>\n<h1 style=\"text-align: center;\"><a href=\"http:\/\/www.cienciaforense.facmed.unam.mx\/redtematica\/wp-content\/uploads\/2019\/10\/Lista-Red-Tem\u00e1tica-Ciencias-Forenses_11-12-18.pdf\"><span style=\"color: #0c71c3;\"><b>LISTA DE MIEMBROS DE LA RED<\/b><\/span><\/a><\/h1>\n<p>[\/et_pb_text][\/et_pb_column][\/et_pb_row][et_pb_row custom_padding=\u00bb25.25px|0px|0|0px|false|false\u00bb _builder_version=\u00bb3.3.1&#8243;][et_pb_column type=\u00bb1_2&#8243; _builder_version=\u00bb3.0.47&#8243; parallax=\u00bboff\u00bb parallax_method=\u00bbon\u00bb][et_pb_text _builder_version=\u00bb3.3.1&#8243;]<\/p>\n<h1 style=\"text-align: center;\"><span style=\"color: #0c71c3;\"><strong>DATOS DE CONTACTO<\/strong><\/span><\/h1>\n<p>[\/et_pb_text][\/et_pb_column][et_pb_column type=\u00bb1_2&#8243; _builder_version=\u00bb3.0.47&#8243; parallax=\u00bboff\u00bb parallax_method=\u00bbon\u00bb][et_pb_text _builder_version=\u00bb3.3.1&#8243; text_font=\u00bb||||||||\u00bb]<\/p>\n<h1 style=\"text-align: center;\"><span style=\"color: #0c71c3;\"><strong>REDES SOCIALES<\/strong><\/span><\/h1>\n<p>[\/et_pb_text][\/et_pb_column][\/et_pb_row][et_pb_row custom_padding=\u00bb0|0px|27px|0px|false|false\u00bb _builder_version=\u00bb3.3.1&#8243; global_module=\u00bb5350&#8243; saved_tabs=\u00bball\u00bb][et_pb_column type=\u00bb1_2&#8243; _builder_version=\u00bb3.0.47&#8243; parallax=\u00bboff\u00bb parallax_method=\u00bbon\u00bb][et_pb_contact_form module_id=\u00bbet_pb_contact_form_0&#8243; _builder_version=\u00bb3.3.1&#8243; form_field_font=\u00bb||||||||\u00bb form_field_font_size=\u00bb14px\u00bb text_orientation=\u00bbcenter\u00bb][et_pb_contact_field field_id=\u00bbNOMBRE\u00bb field_title=\u00bbNombre\u00bb _builder_version=\u00bb3.3.1&#8243; border_radii=\u00bbon||||\u00bb][\/et_pb_contact_field][et_pb_contact_field field_id=\u00bbEmail\u00bb field_title=\u00bbEmail\u00bb field_type=\u00bbemail\u00bb _builder_version=\u00bb3.3.1&#8243; border_radii=\u00bbon||||\u00bb][\/et_pb_contact_field][et_pb_contact_field field_id=\u00bbMENSAJE\u00bb field_title=\u00bbMENSAJE\u00bb field_type=\u00bbtext\u00bb fullwidth_field=\u00bbon\u00bb _builder_version=\u00bb3.3.1&#8243; border_radii=\u00bbon||||\u00bb][\/et_pb_contact_field][\/et_pb_contact_form][\/et_pb_column][et_pb_column type=\u00bb1_2&#8243; _builder_version=\u00bb3.0.47&#8243; parallax=\u00bboff\u00bb parallax_method=\u00bbon\u00bb][et_pb_text _builder_version=\u00bb3.3.1&#8243;]<\/p>\n<p>Sigue a trav\u00e9s de nuestras redes las noticias&nbsp; y eventos de nuestra red.<\/p>\n<table width=\"274\">\n<tbody>\n<tr>\n<td style=\"width: 254px;\"><img loading=\"lazy\" decoding=\"async\" class=\"wp-image-5234 aligncenter size-full\" src=\"http:\/\/www.cienciaforense.facmed.unam.mx\/redtematica\/wp-content\/uploads\/2018\/08\/logotwitter.png\" alt=\"\" width=\"80\" height=\"80\"\/><\/td>\n<td style=\"width: 255px;\"><img loading=\"lazy\" decoding=\"async\" class=\"wp-image-5235 aligncenter size-full\" src=\"http:\/\/www.cienciaforense.facmed.unam.mx\/redtematica\/wp-content\/uploads\/2018\/08\/logofacebook.png\" alt=\"\" width=\"80\" height=\"80\"\/><\/td>\n<\/tr>\n<\/tbody>\n<\/table>\n<p>&nbsp;<\/p>\n<ul>\n<li>Avenida Universidad 3000, Circuito dela Investigaci\u00f3n Cientifica S\/N.<\/li>\n<li>Universidad Nacional autonoma de Mexico, Ciudad Universitaria, C.P.04510, Ciudad de M\u00e9xico<\/li>\n<\/ul>\n<p>[\/et_pb_text][\/et_pb_column][\/et_pb_row][\/et_pb_section]<\/p>\n","protected":false},"excerpt":{"rendered":"<p>[et_pb_section fb_built=\u00bb1&#8243; fullwidth=\u00bbon\u00bb _builder_version=\u00bb3.3.1&#8243; custom_padding=\u00bb0|0px|0|0px|false|false\u00bb][et_pb_fullwidth_post_slider posts_number=\u00bb3&#8243; include_categories=\u00bb32&#8243; more_text=\u00bbLeer m\u00e1s\u00bb show_meta=\u00bboff\u00bb image_placement=\u00bbleft\u00bb _builder_version=\u00bb3.3.1&#8243; body_font=\u00bb||||||||\u00bb meta_font=\u00bb||||||||\u00bb custom_margin=\u00bb-43px|3px|0px|0px\u00bb custom_padding=\u00bb58px||0px|\u00bb][\/et_pb_fullwidth_post_slider][\/et_pb_section][et_pb_section fb_built=\u00bb1&#8243; _builder_version=\u00bb3.3.1&#8243; custom_padding=\u00bb0|0px|0|0px|false|false\u00bb][et_pb_row custom_padding=\u00bb27px|0px|0|0px|false|false\u00bb _builder_version=\u00bb3.3.1&#8243;][et_pb_column type=\u00bb1_3&#8243; _builder_version=\u00bb3.0.47&#8243; parallax=\u00bboff\u00bb parallax_method=\u00bbon\u00bb][et_pb_text _builder_version=\u00bb3.3.1&#8243; text_font=\u00bb||||||||\u00bb header_font=\u00bb|800|||||||\u00bb] NUESTRA MISI\u00d3N\u00a0 &nbsp; Promover la vinculaci\u00f3n y cooperaci\u00f3n entre instituciones nacionales con inter\u00e9s docente, de investigaci\u00f3n y\/o de ejercicio profesional en las diversas \u00e1reas forenses, con la [&hellip;]<\/p>\n","protected":false},"author":2,"featured_media":0,"parent":0,"menu_order":0,"comment_status":"closed","ping_status":"closed","template":"","meta":{"footnotes":""},"class_list":["post-5256","page","type-page","status-publish","hentry"],"_links":{"self":[{"href":"https:\/\/www.enacif.unam.mx\/redtematica\/index.php?rest_route=\/wp\/v2\/pages\/5256","targetHints":{"allow":["GET"]}}],"collection":[{"href":"https:\/\/www.enacif.unam.mx\/redtematica\/index.php?rest_route=\/wp\/v2\/pages"}],"about":[{"href":"https:\/\/www.enacif.unam.mx\/redtematica\/index.php?rest_route=\/wp\/v2\/types\/page"}],"author":[{"embeddable":true,"href":"https:\/\/www.enacif.unam.mx\/redtematica\/index.php?rest_route=\/wp\/v2\/users\/2"}],"replies":[{"embeddable":true,"href":"https:\/\/www.enacif.unam.mx\/redtematica\/index.php?rest_route=%2Fwp%2Fv2%2Fcomments&post=5256"}],"version-history":[{"count":44,"href":"https:\/\/www.enacif.unam.mx\/redtematica\/index.php?rest_route=\/wp\/v2\/pages\/5256\/revisions"}],"predecessor-version":[{"id":5611,"href":"https:\/\/www.enacif.unam.mx\/redtematica\/index.php?rest_route=\/wp\/v2\/pages\/5256\/revisions\/5611"}],"wp:attachment":[{"href":"https:\/\/www.enacif.unam.mx\/redtematica\/index.php?rest_route=%2Fwp%2Fv2%2Fmedia&parent=5256"}],"curies":[{"name":"wp","href":"https:\/\/api.w.org\/{rel}","templated":true}]}}